{"id":98,"date":"2024-01-08T18:11:53","date_gmt":"2024-01-08T17:11:53","guid":{"rendered":"https:\/\/adelinegestion.com\/?page_id=98"},"modified":"2025-02-27T13:20:56","modified_gmt":"2025-02-27T12:20:56","slug":"tarifs","status":"publish","type":"page","link":"https:\/\/adelinegestion.com\/index.php\/tarifs\/","title":{"rendered":"Tarifs"},"content":{"rendered":"\t\t<div data-elementor-type=\"wp-page\" data-elementor-id=\"98\" class=\"elementor elementor-98\">\n\t\t\t\t<div class=\"elementor-element elementor-element-887299a e-flex e-con-boxed e-con e-parent\" data-id=\"887299a\" data-element_type=\"container\" data-e-type=\"container\">\n\t\t\t\t\t<div class=\"e-con-inner\">\n\t\t\t\t<div class=\"elementor-element elementor-element-5a91789 elementor-widget elementor-widget-heading\" data-id=\"5a91789\" data-element_type=\"widget\" data-e-type=\"widget\" data-widget_type=\"heading.default\">\n\t\t\t\t<div class=\"elementor-widget-container\">\n\t\t\t\t\t<h2 class=\"elementor-heading-title elementor-size-default\">Fonctionnements et tarifications<\/h2>\t\t\t\t<\/div>\n\t\t\t\t<\/div>\n\t\t\t\t\t<\/div>\n\t\t\t\t<\/div>\n\t\t<div class=\"elementor-element elementor-element-7210421 e-flex e-con-boxed e-con e-parent\" data-id=\"7210421\" data-element_type=\"container\" data-e-type=\"container\" data-settings=\"{&quot;background_background&quot;:&quot;classic&quot;}\">\n\t\t\t\t\t<div class=\"e-con-inner\">\n\t\t<div class=\"elementor-element elementor-element-2016b3d e-con-full e-flex e-con e-child\" data-id=\"2016b3d\" data-element_type=\"container\" data-e-type=\"container\" data-settings=\"{&quot;background_background&quot;:&quot;classic&quot;}\">\n\t\t\t\t<div class=\"elementor-element elementor-element-f0492d5 elementor-widget elementor-widget-text-editor\" data-id=\"f0492d5\" data-element_type=\"widget\" data-e-type=\"widget\" data-settings=\"{&quot;_animation&quot;:&quot;none&quot;}\" data-widget_type=\"text-editor.default\">\n\t\t\t\t<div class=\"elementor-widget-container\">\n\t\t\t\t\t\t\t\t\t<p><strong>Je ne communique pas mon tarif de fa\u00e7on public car il varie selon de nombreux crit\u00e8res que nous \u00e9tudierons ensemble.<\/strong><\/p><p><strong>En tant qu&#8217;assistante de gestion exp\u00e9riment\u00e9e, je mets \u00e0 votre disposition mes comp\u00e9tences pour tous vos besoins ponctuels ou r\u00e9guliers, sur site ou \u00e0 distance et je m&#8217;efforce d&#8217;\u00eatre le plus r\u00e9active possible.<br \/><\/strong><strong><br \/>Vous m&#8217;exposez vos besoins, le fonctionnement de votre structure et les outils dont vous \u00eates dot\u00e9s (mat\u00e9riels et informatiques) puis vous d\u00e9finissez les missions \u00e0 me confier et leurs modalit\u00e9s d&#8217;ex\u00e9cution (sur site ou \u00e0 distance). <br \/>Je vous adresse ensuite une proposition commerciale et ma mission commencera d\u00e8s votre validation selon les modalit\u00e9s convenues ensemble.<\/strong><\/p>\t\t\t\t\t\t\t\t<\/div>\n\t\t\t\t<\/div>\n\t\t\t\t<\/div>\n\t\t\t\t\t<\/div>\n\t\t\t\t<\/div>\n\t\t<div class=\"elementor-element elementor-element-253c31c e-flex e-con-boxed e-con e-parent\" data-id=\"253c31c\" data-element_type=\"container\" data-e-type=\"container\">\n\t\t\t\t\t<div class=\"e-con-inner\">\n\t\t<div class=\"elementor-element elementor-element-967acdf e-con-full e-flex e-con e-child\" data-id=\"967acdf\" data-element_type=\"container\" data-e-type=\"container\" data-settings=\"{&quot;background_background&quot;:&quot;classic&quot;}\">\n\t\t\t\t<div class=\"elementor-element elementor-element-f22d2b0 elementor-widget elementor-widget-heading\" data-id=\"f22d2b0\" data-element_type=\"widget\" data-e-type=\"widget\" data-widget_type=\"heading.default\">\n\t\t\t\t<div class=\"elementor-widget-container\">\n\t\t\t\t\t<h2 class=\"elementor-heading-title elementor-size-default\">A LA CARTE<\/h2>\t\t\t\t<\/div>\n\t\t\t\t<\/div>\n\t\t\t\t<div class=\"elementor-element elementor-element-68501bc elementor-view-default elementor-widget elementor-widget-icon\" data-id=\"68501bc\" data-element_type=\"widget\" data-e-type=\"widget\" data-widget_type=\"icon.default\">\n\t\t\t\t<div class=\"elementor-widget-container\">\n\t\t\t\t\t\t\t<div class=\"elementor-icon-wrapper\">\n\t\t\t<div class=\"elementor-icon\">\n\t\t\t<svg aria-hidden=\"true\" class=\"e-font-icon-svg e-fas-check-square\" viewBox=\"0 0 448 512\" xmlns=\"http:\/\/www.w3.org\/2000\/svg\"><path d=\"M400 480H48c-26.51 0-48-21.49-48-48V80c0-26.51 21.49-48 48-48h352c26.51 0 48 21.49 48 48v352c0 26.51-21.49 48-48 48zm-204.686-98.059l184-184c6.248-6.248 6.248-16.379 0-22.627l-22.627-22.627c-6.248-6.248-16.379-6.249-22.628 0L184 302.745l-70.059-70.059c-6.248-6.248-16.379-6.248-22.628 0l-22.627 22.627c-6.248 6.248-6.248 16.379 0 22.627l104 104c6.249 6.25 16.379 6.25 22.628.001z\"><\/path><\/svg>\t\t\t<\/div>\n\t\t<\/div>\n\t\t\t\t\t\t<\/div>\n\t\t\t\t<\/div>\n\t\t\t\t<div class=\"elementor-element elementor-element-8add69f elementor-widget elementor-widget-text-editor\" data-id=\"8add69f\" data-element_type=\"widget\" data-e-type=\"widget\" data-widget_type=\"text-editor.default\">\n\t\t\t\t<div class=\"elementor-widget-container\">\n\t\t\t\t\t\t\t\t\t<p><span style=\"font-style: inherit; font-weight: inherit; color: var( --e-global-color-text ); font-family: var( --e-global-typography-text-font-family ), Sans-serif; text-align: var(--text-align); background-color: var(--ast-global-color-5);\">Vous avez une mission bien pr\u00e9cise et ponctuelle. <\/span>Cette prestation est faite pour vous.<br \/>Nous d\u00e9finissons la mission et le temps n\u00e9cessaire \u00e0 sa r\u00e9alisation. Pas de mauvaise surprise quant \u00e0 la facturation.<\/p>\t\t\t\t\t\t\t\t<\/div>\n\t\t\t\t<\/div>\n\t\t\t\t<\/div>\n\t\t<div class=\"elementor-element elementor-element-4bd951f e-con-full e-flex e-con e-child\" data-id=\"4bd951f\" data-element_type=\"container\" data-e-type=\"container\" data-settings=\"{&quot;background_background&quot;:&quot;classic&quot;}\">\n\t\t\t\t<div class=\"elementor-element elementor-element-17a4cef elementor-widget elementor-widget-heading\" data-id=\"17a4cef\" data-element_type=\"widget\" data-e-type=\"widget\" data-widget_type=\"heading.default\">\n\t\t\t\t<div class=\"elementor-widget-container\">\n\t\t\t\t\t<h2 class=\"elementor-heading-title elementor-size-default\">LES PACKS D'HEURES<\/h2>\t\t\t\t<\/div>\n\t\t\t\t<\/div>\n\t\t\t\t<div class=\"elementor-element elementor-element-9e446ec elementor-view-default elementor-widget elementor-widget-icon\" data-id=\"9e446ec\" data-element_type=\"widget\" data-e-type=\"widget\" data-widget_type=\"icon.default\">\n\t\t\t\t<div class=\"elementor-widget-container\">\n\t\t\t\t\t\t\t<div class=\"elementor-icon-wrapper\">\n\t\t\t<div class=\"elementor-icon\">\n\t\t\t<svg aria-hidden=\"true\" class=\"e-font-icon-svg e-far-star\" viewBox=\"0 0 576 512\" xmlns=\"http:\/\/www.w3.org\/2000\/svg\"><path d=\"M528.1 171.5L382 150.2 316.7 17.8c-11.7-23.6-45.6-23.9-57.4 0L194 150.2 47.9 171.5c-26.2 3.8-36.7 36.1-17.7 54.6l105.7 103-25 145.5c-4.5 26.3 23.2 46 46.4 33.7L288 439.6l130.7 68.7c23.2 12.2 50.9-7.4 46.4-33.7l-25-145.5 105.7-103c19-18.5 8.5-50.8-17.7-54.6zM388.6 312.3l23.7 138.4L288 385.4l-124.3 65.3 23.7-138.4-100.6-98 139-20.2 62.2-126 62.2 126 139 20.2-100.6 98z\"><\/path><\/svg>\t\t\t<\/div>\n\t\t<\/div>\n\t\t\t\t\t\t<\/div>\n\t\t\t\t<\/div>\n\t\t\t\t<div class=\"elementor-element elementor-element-1533c43 elementor-widget elementor-widget-text-editor\" data-id=\"1533c43\" data-element_type=\"widget\" data-e-type=\"widget\" data-widget_type=\"text-editor.default\">\n\t\t\t\t<div class=\"elementor-widget-container\">\n\t\t\t\t\t\t\t\t\t<p>&nbsp;L&#8217;achat d&#8217;un pack d&#8217;heures est id\u00e9al lorsque vous ne connaissez pas \u00e0 l\u2019avance pr\u00e9cis\u00e9ment&nbsp; l\u2019\u00e9tendue des missions, vous utilisez les heures lorsque le besoin se pr\u00e9sente.<br>C&#8217;est aussi une bonne solution pour d\u00e9buter notre collaboration.<br>Vous payez pour un nombre d&#8217;heures d\u00e9termin\u00e9 ensemble. La mission s&#8217;ach\u00e8ve une fois ces heures utilis\u00e9es.<\/p>\t\t\t\t\t\t\t\t<\/div>\n\t\t\t\t<\/div>\n\t\t\t\t<\/div>\n\t\t<div class=\"elementor-element elementor-element-0b2697a e-con-full e-flex e-con e-child\" data-id=\"0b2697a\" data-element_type=\"container\" data-e-type=\"container\" data-settings=\"{&quot;background_background&quot;:&quot;classic&quot;}\">\n\t\t\t\t<div class=\"elementor-element elementor-element-a2e42b4 elementor-widget elementor-widget-heading\" data-id=\"a2e42b4\" data-element_type=\"widget\" data-e-type=\"widget\" data-widget_type=\"heading.default\">\n\t\t\t\t<div class=\"elementor-widget-container\">\n\t\t\t\t\t<h2 class=\"elementor-heading-title elementor-size-default\">LES FORFAITS<\/h2>\t\t\t\t<\/div>\n\t\t\t\t<\/div>\n\t\t\t\t<div class=\"elementor-element elementor-element-98227f3 elementor-view-default elementor-widget elementor-widget-icon\" data-id=\"98227f3\" data-element_type=\"widget\" data-e-type=\"widget\" data-widget_type=\"icon.default\">\n\t\t\t\t<div class=\"elementor-widget-container\">\n\t\t\t\t\t\t\t<div class=\"elementor-icon-wrapper\">\n\t\t\t<div class=\"elementor-icon\">\n\t\t\t<svg aria-hidden=\"true\" class=\"e-font-icon-svg e-far-gem\" viewBox=\"0 0 576 512\" xmlns=\"http:\/\/www.w3.org\/2000\/svg\"><path d=\"M464 0H112c-4 0-7.8 2-10 5.4L2 152.6c-2.9 4.4-2.6 10.2.7 14.2l276 340.8c4.8 5.9 13.8 5.9 18.6 0l276-340.8c3.3-4.1 3.6-9.8.7-14.2L474.1 5.4C471.8 2 468.1 0 464 0zm-19.3 48l63.3 96h-68.4l-51.7-96h56.8zm-202.1 0h90.7l51.7 96H191l51.6-96zm-111.3 0h56.8l-51.7 96H68l63.3-96zm-43 144h51.4L208 352 88.3 192zm102.9 0h193.6L288 435.3 191.2 192zM368 352l68.2-160h51.4L368 352z\"><\/path><\/svg>\t\t\t<\/div>\n\t\t<\/div>\n\t\t\t\t\t\t<\/div>\n\t\t\t\t<\/div>\n\t\t\t\t<div class=\"elementor-element elementor-element-429544e elementor-widget elementor-widget-text-editor\" data-id=\"429544e\" data-element_type=\"widget\" data-e-type=\"widget\" data-widget_type=\"text-editor.default\">\n\t\t\t\t<div class=\"elementor-widget-container\">\n\t\t\t\t\t\t\t\t\t<p>Si mon intervention entre dans le cadre d&#8217;une mission sp\u00e9cifique, nous r\u00e9digeons une lettre de mission qui encadre mes domaines d&#8217;intervention et la liste des t\u00e2ches \u00e0 accomplir.<br \/>La tarification peut se faire \u00e0 l&#8217;heure ou de fa\u00e7on forfaitaire.<\/p>\t\t\t\t\t\t\t\t<\/div>\n\t\t\t\t<\/div>\n\t\t\t\t<\/div>\n\t\t\t\t\t<\/div>\n\t\t\t\t<\/div>\n\t\t\t\t<\/div>\n\t\t","protected":false},"excerpt":{"rendered":"<p>Fonctionnements et tarifications Je ne communique pas mon tarif de fa\u00e7on public car il varie selon de nombreux crit\u00e8res que nous \u00e9tudierons ensemble. En tant qu&#8217;assistante de gestion exp\u00e9riment\u00e9e, je mets \u00e0 votre disposition mes comp\u00e9tences pour tous vos besoins ponctuels ou r\u00e9guliers, sur site ou \u00e0 distance et je m&#8217;efforce d&#8217;\u00eatre le plus r\u00e9active [&hellip;]<\/p>\n","protected":false},"author":1,"featured_media":0,"parent":0,"menu_order":0,"comment_status":"closed","ping_status":"closed","template":"elementor_header_footer","meta":{"footnotes":""},"class_list":["post-98","page","type-page","status-publish","hentry","entry"],"yoast_head":"<!-- This site is optimized with the Yoast SEO plugin v27.4 - https:\/\/yoast.com\/product\/yoast-seo-wordpress\/ -->\n<title>tarifs secr\u00e9taire assistante de gestion haute savoie<\/title>\n<meta name=\"description\" content=\"tarifs pack d&#039;heures assistance de gestion et mission d&#039;assistance de ma\u00eetrise d&#039;ouvrage secteur Haute Savoie, pays de Gex, genevois\" \/>\n<meta name=\"robots\" content=\"index, follow, max-snippet:-1, max-image-preview:large, max-video-preview:-1\" \/>\n<link rel=\"canonical\" href=\"https:\/\/adelinegestion.com\/index.php\/tarifs\/\" \/>\n<meta property=\"og:locale\" content=\"en_US\" \/>\n<meta property=\"og:type\" content=\"article\" \/>\n<meta property=\"og:title\" content=\"tarifs secr\u00e9taire assistante de gestion haute savoie\" \/>\n<meta property=\"og:description\" content=\"tarifs pack d&#039;heures assistance de gestion et mission d&#039;assistance de ma\u00eetrise d&#039;ouvrage secteur Haute Savoie, pays de Gex, genevois\" \/>\n<meta property=\"og:url\" content=\"https:\/\/adelinegestion.com\/index.php\/tarifs\/\" \/>\n<meta property=\"article:modified_time\" content=\"2025-02-27T12:20:56+00:00\" \/>\n<meta name=\"twitter:card\" content=\"summary_large_image\" \/>\n<meta name=\"twitter:label1\" content=\"Est. reading time\" \/>\n\t<meta name=\"twitter:data1\" content=\"2 minutes\" \/>\n<script type=\"application\/ld+json\" class=\"yoast-schema-graph\">{\"@context\":\"https:\\\/\\\/schema.org\",\"@graph\":[{\"@type\":\"WebPage\",\"@id\":\"https:\\\/\\\/adelinegestion.com\\\/index.php\\\/tarifs\\\/\",\"url\":\"https:\\\/\\\/adelinegestion.com\\\/index.php\\\/tarifs\\\/\",\"name\":\"tarifs secr\u00e9taire assistante de gestion haute savoie\",\"isPartOf\":{\"@id\":\"https:\\\/\\\/adelinegestion.com\\\/#website\"},\"datePublished\":\"2024-01-08T17:11:53+00:00\",\"dateModified\":\"2025-02-27T12:20:56+00:00\",\"description\":\"tarifs pack d'heures assistance de gestion et mission d'assistance de ma\u00eetrise d'ouvrage secteur Haute Savoie, pays de Gex, genevois\",\"breadcrumb\":{\"@id\":\"https:\\\/\\\/adelinegestion.com\\\/index.php\\\/tarifs\\\/#breadcrumb\"},\"inLanguage\":\"en-US\",\"potentialAction\":[{\"@type\":\"ReadAction\",\"target\":[\"https:\\\/\\\/adelinegestion.com\\\/index.php\\\/tarifs\\\/\"]}]},{\"@type\":\"BreadcrumbList\",\"@id\":\"https:\\\/\\\/adelinegestion.com\\\/index.php\\\/tarifs\\\/#breadcrumb\",\"itemListElement\":[{\"@type\":\"ListItem\",\"position\":1,\"name\":\"Accueil\",\"item\":\"https:\\\/\\\/adelinegestion.com\\\/\"},{\"@type\":\"ListItem\",\"position\":2,\"name\":\"Tarifs\"}]},{\"@type\":\"WebSite\",\"@id\":\"https:\\\/\\\/adelinegestion.com\\\/#website\",\"url\":\"https:\\\/\\\/adelinegestion.com\\\/\",\"name\":\"\",\"description\":\"\",\"potentialAction\":[{\"@type\":\"SearchAction\",\"target\":{\"@type\":\"EntryPoint\",\"urlTemplate\":\"https:\\\/\\\/adelinegestion.com\\\/?s={search_term_string}\"},\"query-input\":{\"@type\":\"PropertyValueSpecification\",\"valueRequired\":true,\"valueName\":\"search_term_string\"}}],\"inLanguage\":\"en-US\"}]}<\/script>\n<!-- \/ Yoast SEO plugin. -->","yoast_head_json":{"title":"tarifs secr\u00e9taire assistante de gestion haute savoie","description":"tarifs pack d'heures assistance de gestion et mission d'assistance de ma\u00eetrise d'ouvrage secteur Haute Savoie, pays de Gex, genevois","robots":{"index":"index","follow":"follow","max-snippet":"max-snippet:-1","max-image-preview":"max-image-preview:large","max-video-preview":"max-video-preview:-1"},"canonical":"https:\/\/adelinegestion.com\/index.php\/tarifs\/","og_locale":"en_US","og_type":"article","og_title":"tarifs secr\u00e9taire assistante de gestion haute savoie","og_description":"tarifs pack d'heures assistance de gestion et mission d'assistance de ma\u00eetrise d'ouvrage secteur Haute Savoie, pays de Gex, genevois","og_url":"https:\/\/adelinegestion.com\/index.php\/tarifs\/","article_modified_time":"2025-02-27T12:20:56+00:00","twitter_card":"summary_large_image","twitter_misc":{"Est. reading time":"2 minutes"},"schema":{"@context":"https:\/\/schema.org","@graph":[{"@type":"WebPage","@id":"https:\/\/adelinegestion.com\/index.php\/tarifs\/","url":"https:\/\/adelinegestion.com\/index.php\/tarifs\/","name":"tarifs secr\u00e9taire assistante de gestion haute savoie","isPartOf":{"@id":"https:\/\/adelinegestion.com\/#website"},"datePublished":"2024-01-08T17:11:53+00:00","dateModified":"2025-02-27T12:20:56+00:00","description":"tarifs pack d'heures assistance de gestion et mission d'assistance de ma\u00eetrise d'ouvrage secteur Haute Savoie, pays de Gex, genevois","breadcrumb":{"@id":"https:\/\/adelinegestion.com\/index.php\/tarifs\/#breadcrumb"},"inLanguage":"en-US","potentialAction":[{"@type":"ReadAction","target":["https:\/\/adelinegestion.com\/index.php\/tarifs\/"]}]},{"@type":"BreadcrumbList","@id":"https:\/\/adelinegestion.com\/index.php\/tarifs\/#breadcrumb","itemListElement":[{"@type":"ListItem","position":1,"name":"Accueil","item":"https:\/\/adelinegestion.com\/"},{"@type":"ListItem","position":2,"name":"Tarifs"}]},{"@type":"WebSite","@id":"https:\/\/adelinegestion.com\/#website","url":"https:\/\/adelinegestion.com\/","name":"","description":"","potentialAction":[{"@type":"SearchAction","target":{"@type":"EntryPoint","urlTemplate":"https:\/\/adelinegestion.com\/?s={search_term_string}"},"query-input":{"@type":"PropertyValueSpecification","valueRequired":true,"valueName":"search_term_string"}}],"inLanguage":"en-US"}]}},"_links":{"self":[{"href":"https:\/\/adelinegestion.com\/index.php\/wp-json\/wp\/v2\/pages\/98","targetHints":{"allow":["GET"]}}],"collection":[{"href":"https:\/\/adelinegestion.com\/index.php\/wp-json\/wp\/v2\/pages"}],"about":[{"href":"https:\/\/adelinegestion.com\/index.php\/wp-json\/wp\/v2\/types\/page"}],"author":[{"embeddable":true,"href":"https:\/\/adelinegestion.com\/index.php\/wp-json\/wp\/v2\/users\/1"}],"replies":[{"embeddable":true,"href":"https:\/\/adelinegestion.com\/index.php\/wp-json\/wp\/v2\/comments?post=98"}],"version-history":[{"count":143,"href":"https:\/\/adelinegestion.com\/index.php\/wp-json\/wp\/v2\/pages\/98\/revisions"}],"predecessor-version":[{"id":836,"href":"https:\/\/adelinegestion.com\/index.php\/wp-json\/wp\/v2\/pages\/98\/revisions\/836"}],"wp:attachment":[{"href":"https:\/\/adelinegestion.com\/index.php\/wp-json\/wp\/v2\/media?parent=98"}],"curies":[{"name":"wp","href":"https:\/\/api.w.org\/{rel}","templated":true}]}}