{"id":596,"date":"2024-02-04T14:43:10","date_gmt":"2024-02-04T13:43:10","guid":{"rendered":"https:\/\/adelinegestion.com\/?page_id=596"},"modified":"2024-02-04T14:52:52","modified_gmt":"2024-02-04T13:52:52","slug":"mentions-legales","status":"publish","type":"page","link":"https:\/\/adelinegestion.com\/index.php\/mentions-legales\/","title":{"rendered":"Mentions L\u00e9gales"},"content":{"rendered":"\n<h1 class=\"wp-block-heading has-text-align-center\">MENTIONS L\u00c9GALES<\/h1>\n\n\n\n<p class=\"has-text-align-center\">Conform\u00e9ment aux dispositions des Articles 6-III et 19 de la Loi n\u00b02004-575 du 21 juin 2004 pour la Confiance dans l\u2019\u00e9conomie num\u00e9rique, dite L.C.E.N., il est port\u00e9 \u00e0 la connaissance des utilisateurs et visiteurs, ci-apr\u00e8s l&#8217;\u00a0&#8220;Utilisateur\u00a0&#8220;, du site <a href=\"https:\/\/www.adeliegestion.com\/\">adelinegestion.com<\/a> , ci-apr\u00e8s le \u00ab\u00a0Site\u00a0\u00bb, les pr\u00e9sentes mentions l\u00e9gales.<\/p>\n\n\n\n<p class=\"has-text-align-center\">La connexion et la navigation sur le site par l\u2019utilisateur implique acceptation int\u00e9grale et sans r\u00e9serve des pr\u00e9sentes mentions l\u00e9gales.<\/p>\n\n\n\n<h2 class=\"wp-block-heading has-text-align-center\">ARTICLE 1 \u2013 L\u2019EDITEUR<\/h2>\n\n\n\n<p class=\"has-text-align-center\">L\u2019\u00e9dition et la direction de la publication du Site est assur\u00e9e par Adeline Roger, domicili\u00e9e 412 Route du Sal\u00e8ve &#8211; 74800 ARENTHON, dont le num\u00e9ro de t\u00e9l\u00e9phone est 0651756852, et l\u2019adresse e-mail <a href=\"mailto:contact@adelinegestion.com\">contact@adelinegestion.com<\/a>.<\/p>\n\n\n\n<h2 class=\"wp-block-heading has-text-align-center\">ARTICLE 2 \u2013 L\u2019HEBERGEUR<\/h2>\n\n\n\n<p class=\"has-text-align-center\">L\u2019h\u00e9bergeur du Site est la soci\u00e9t\u00e9 Hostinger, dont le si\u00e8ge social est situ\u00e9 \u00e0 Kaunas, Lituanie.<\/p>\n\n\n\n<h2 class=\"wp-block-heading has-text-align-center\">ARTICLE 3 \u2013 ACCES AU SITE<\/h2>\n\n\n\n<p class=\"has-text-align-center\">Le site est accessible en tout endroit, 7j\/7, 24h\/24 sauf cas de force majeure, interruption programm\u00e9e ou non et pouvant d\u00e9coulant d\u2019une n\u00e9cessit\u00e9 de maintenance.<\/p>\n\n\n\n<p class=\"has-text-align-center\">En cas de modification, interruption ou suspension du site, l\u2019\u00e9diteur ne saurait \u00eatre tenu responsable.<\/p>\n\n\n\n<h2 class=\"wp-block-heading has-text-align-center\">ARTICLE 4 \u2013 COLLECTE DES DONNEES<\/h2>\n\n\n\n<p class=\"has-text-align-center\">Le site est exempt\u00e9 de d\u00e9claration \u00e0 la Commission Nationale Informatique et Libert\u00e9s (CNIL) dans la mesure o\u00f9 il ne collecte aucune donn\u00e9e concernant les utilisateurs.<\/p>\n\n\n\n<p class=\"has-text-align-center\">Toute utilisation, reproduction, diffusion, commercialisation, modification de toute ou partie du Site, sans autorisation de l\u2019Editeur est prohib\u00e9e et pourra entra\u00een\u00e9e des actions et poursuites judiciaires telles que notamment pr\u00e9vues par le Code de la propri\u00e9t\u00e9 intellectuelle et le Code civil.<\/p>\n","protected":false},"excerpt":{"rendered":"<p>MENTIONS L\u00c9GALES Conform\u00e9ment aux dispositions des Articles 6-III et 19 de la Loi n\u00b02004-575 du 21 juin 2004 pour la Confiance dans l\u2019\u00e9conomie num\u00e9rique, dite L.C.E.N., il est port\u00e9 \u00e0 la connaissance des utilisateurs et visiteurs, ci-apr\u00e8s l&#8217;\u00a0&#8220;Utilisateur\u00a0&#8220;, du site adelinegestion.com , ci-apr\u00e8s le \u00ab\u00a0Site\u00a0\u00bb, les pr\u00e9sentes mentions l\u00e9gales. La connexion et la navigation sur [&hellip;]<\/p>\n","protected":false},"author":1,"featured_media":0,"parent":0,"menu_order":0,"comment_status":"closed","ping_status":"closed","template":"","meta":{"footnotes":""},"class_list":["post-596","page","type-page","status-publish","hentry","entry"],"yoast_head":"<!-- This site is optimized with the Yoast SEO plugin v27.5 - https:\/\/yoast.com\/product\/yoast-seo-wordpress\/ -->\n<title>Mentions L\u00e9gales -<\/title>\n<meta name=\"description\" content=\"Consultez nos mentions l\u00e9gales pour des informations transparentes sur notre site. Respect de la confidentialit\u00e9, droits d&#039;auteur, responsabilit\u00e9s.\" \/>\n<meta name=\"robots\" content=\"index, follow, max-snippet:-1, max-image-preview:large, max-video-preview:-1\" \/>\n<link rel=\"canonical\" href=\"https:\/\/adelinegestion.com\/index.php\/mentions-legales\/\" \/>\n<meta property=\"og:locale\" content=\"en_US\" \/>\n<meta property=\"og:type\" content=\"article\" \/>\n<meta property=\"og:title\" content=\"Mentions L\u00e9gales -\" \/>\n<meta property=\"og:description\" content=\"Consultez nos mentions l\u00e9gales pour des informations transparentes sur notre site. Respect de la confidentialit\u00e9, droits d&#039;auteur, responsabilit\u00e9s.\" \/>\n<meta property=\"og:url\" content=\"https:\/\/adelinegestion.com\/index.php\/mentions-legales\/\" \/>\n<meta property=\"article:modified_time\" content=\"2024-02-04T13:52:52+00:00\" \/>\n<meta name=\"twitter:card\" content=\"summary_large_image\" \/>\n<meta name=\"twitter:label1\" content=\"Est. reading time\" \/>\n\t<meta name=\"twitter:data1\" content=\"2 minutes\" \/>\n<script type=\"application\/ld+json\" class=\"yoast-schema-graph\">{\"@context\":\"https:\\\/\\\/schema.org\",\"@graph\":[{\"@type\":\"WebPage\",\"@id\":\"https:\\\/\\\/adelinegestion.com\\\/index.php\\\/mentions-legales\\\/\",\"url\":\"https:\\\/\\\/adelinegestion.com\\\/index.php\\\/mentions-legales\\\/\",\"name\":\"Mentions L\u00e9gales -\",\"isPartOf\":{\"@id\":\"https:\\\/\\\/adelinegestion.com\\\/#website\"},\"datePublished\":\"2024-02-04T13:43:10+00:00\",\"dateModified\":\"2024-02-04T13:52:52+00:00\",\"description\":\"Consultez nos mentions l\u00e9gales pour des informations transparentes sur notre site. Respect de la confidentialit\u00e9, droits d'auteur, responsabilit\u00e9s.\",\"breadcrumb\":{\"@id\":\"https:\\\/\\\/adelinegestion.com\\\/index.php\\\/mentions-legales\\\/#breadcrumb\"},\"inLanguage\":\"en-US\",\"potentialAction\":[{\"@type\":\"ReadAction\",\"target\":[\"https:\\\/\\\/adelinegestion.com\\\/index.php\\\/mentions-legales\\\/\"]}]},{\"@type\":\"BreadcrumbList\",\"@id\":\"https:\\\/\\\/adelinegestion.com\\\/index.php\\\/mentions-legales\\\/#breadcrumb\",\"itemListElement\":[{\"@type\":\"ListItem\",\"position\":1,\"name\":\"Accueil\",\"item\":\"https:\\\/\\\/adelinegestion.com\\\/\"},{\"@type\":\"ListItem\",\"position\":2,\"name\":\"Mentions L\u00e9gales\"}]},{\"@type\":\"WebSite\",\"@id\":\"https:\\\/\\\/adelinegestion.com\\\/#website\",\"url\":\"https:\\\/\\\/adelinegestion.com\\\/\",\"name\":\"\",\"description\":\"\",\"potentialAction\":[{\"@type\":\"SearchAction\",\"target\":{\"@type\":\"EntryPoint\",\"urlTemplate\":\"https:\\\/\\\/adelinegestion.com\\\/?s={search_term_string}\"},\"query-input\":{\"@type\":\"PropertyValueSpecification\",\"valueRequired\":true,\"valueName\":\"search_term_string\"}}],\"inLanguage\":\"en-US\"}]}<\/script>\n<!-- \/ Yoast SEO plugin. -->","yoast_head_json":{"title":"Mentions L\u00e9gales -","description":"Consultez nos mentions l\u00e9gales pour des informations transparentes sur notre site. Respect de la confidentialit\u00e9, droits d'auteur, responsabilit\u00e9s.","robots":{"index":"index","follow":"follow","max-snippet":"max-snippet:-1","max-image-preview":"max-image-preview:large","max-video-preview":"max-video-preview:-1"},"canonical":"https:\/\/adelinegestion.com\/index.php\/mentions-legales\/","og_locale":"en_US","og_type":"article","og_title":"Mentions L\u00e9gales -","og_description":"Consultez nos mentions l\u00e9gales pour des informations transparentes sur notre site. Respect de la confidentialit\u00e9, droits d'auteur, responsabilit\u00e9s.","og_url":"https:\/\/adelinegestion.com\/index.php\/mentions-legales\/","article_modified_time":"2024-02-04T13:52:52+00:00","twitter_card":"summary_large_image","twitter_misc":{"Est. reading time":"2 minutes"},"schema":{"@context":"https:\/\/schema.org","@graph":[{"@type":"WebPage","@id":"https:\/\/adelinegestion.com\/index.php\/mentions-legales\/","url":"https:\/\/adelinegestion.com\/index.php\/mentions-legales\/","name":"Mentions L\u00e9gales -","isPartOf":{"@id":"https:\/\/adelinegestion.com\/#website"},"datePublished":"2024-02-04T13:43:10+00:00","dateModified":"2024-02-04T13:52:52+00:00","description":"Consultez nos mentions l\u00e9gales pour des informations transparentes sur notre site. Respect de la confidentialit\u00e9, droits d'auteur, responsabilit\u00e9s.","breadcrumb":{"@id":"https:\/\/adelinegestion.com\/index.php\/mentions-legales\/#breadcrumb"},"inLanguage":"en-US","potentialAction":[{"@type":"ReadAction","target":["https:\/\/adelinegestion.com\/index.php\/mentions-legales\/"]}]},{"@type":"BreadcrumbList","@id":"https:\/\/adelinegestion.com\/index.php\/mentions-legales\/#breadcrumb","itemListElement":[{"@type":"ListItem","position":1,"name":"Accueil","item":"https:\/\/adelinegestion.com\/"},{"@type":"ListItem","position":2,"name":"Mentions L\u00e9gales"}]},{"@type":"WebSite","@id":"https:\/\/adelinegestion.com\/#website","url":"https:\/\/adelinegestion.com\/","name":"","description":"","potentialAction":[{"@type":"SearchAction","target":{"@type":"EntryPoint","urlTemplate":"https:\/\/adelinegestion.com\/?s={search_term_string}"},"query-input":{"@type":"PropertyValueSpecification","valueRequired":true,"valueName":"search_term_string"}}],"inLanguage":"en-US"}]}},"_links":{"self":[{"href":"https:\/\/adelinegestion.com\/index.php\/wp-json\/wp\/v2\/pages\/596","targetHints":{"allow":["GET"]}}],"collection":[{"href":"https:\/\/adelinegestion.com\/index.php\/wp-json\/wp\/v2\/pages"}],"about":[{"href":"https:\/\/adelinegestion.com\/index.php\/wp-json\/wp\/v2\/types\/page"}],"author":[{"embeddable":true,"href":"https:\/\/adelinegestion.com\/index.php\/wp-json\/wp\/v2\/users\/1"}],"replies":[{"embeddable":true,"href":"https:\/\/adelinegestion.com\/index.php\/wp-json\/wp\/v2\/comments?post=596"}],"version-history":[{"count":4,"href":"https:\/\/adelinegestion.com\/index.php\/wp-json\/wp\/v2\/pages\/596\/revisions"}],"predecessor-version":[{"id":601,"href":"https:\/\/adelinegestion.com\/index.php\/wp-json\/wp\/v2\/pages\/596\/revisions\/601"}],"wp:attachment":[{"href":"https:\/\/adelinegestion.com\/index.php\/wp-json\/wp\/v2\/media?parent=596"}],"curies":[{"name":"wp","href":"https:\/\/api.w.org\/{rel}","templated":true}]}}