{"id":245,"date":"2024-01-17T10:28:15","date_gmt":"2024-01-17T09:28:15","guid":{"rendered":"https:\/\/adelinegestion.com\/?page_id=245"},"modified":"2026-03-17T11:51:58","modified_gmt":"2026-03-17T10:51:58","slug":"prestations_amo_tma_","status":"publish","type":"page","link":"https:\/\/adelinegestion.com\/index.php\/prestations_amo_tma_\/","title":{"rendered":"Prestations en promotion immobili\u00e8re"},"content":{"rendered":"\t\t<div data-elementor-type=\"wp-page\" data-elementor-id=\"245\" class=\"elementor elementor-245\">\n\t\t\t\t<div class=\"elementor-element elementor-element-fcfb6a5 e-flex e-con-boxed e-con e-parent\" data-id=\"fcfb6a5\" data-element_type=\"container\" data-e-type=\"container\">\n\t\t\t\t\t<div class=\"e-con-inner\">\n\t\t\t\t<div class=\"elementor-element elementor-element-0996e84 elementor-widget elementor-widget-heading\" data-id=\"0996e84\" data-element_type=\"widget\" data-e-type=\"widget\" data-widget_type=\"heading.default\">\n\t\t\t\t<div class=\"elementor-widget-container\">\n\t\t\t\t\t<h2 class=\"elementor-heading-title elementor-size-default\">Assistance \u00e0 la ma\u00eetrise d'ouvrage en promotion immobili\u00e8re<\/h2>\t\t\t\t<\/div>\n\t\t\t\t<\/div>\n\t\t\t\t\t<\/div>\n\t\t\t\t<\/div>\n\t\t<div class=\"elementor-element elementor-element-9309511 e-con-full e-flex e-con e-parent\" data-id=\"9309511\" data-element_type=\"container\" data-e-type=\"container\" data-settings=\"{&quot;background_background&quot;:&quot;classic&quot;}\">\n\t\t\t\t<div class=\"elementor-element elementor-element-cc4ce58 elementor-widget__width-initial elementor-widget elementor-widget-image\" data-id=\"cc4ce58\" data-element_type=\"widget\" data-e-type=\"widget\" data-widget_type=\"image.default\">\n\t\t\t\t<div class=\"elementor-widget-container\">\n\t\t\t\t\t\t\t\t\t\t\t\t\t\t\t<img fetchpriority=\"high\" decoding=\"async\" width=\"665\" height=\"819\" src=\"https:\/\/adelinegestion.com\/wp-content\/uploads\/2024\/01\/logo-site-1.png\" class=\"attachment-large size-large wp-image-44\" alt=\"logo-site-adeline-gestion\" srcset=\"https:\/\/adelinegestion.com\/wp-content\/uploads\/2024\/01\/logo-site-1.png 665w, https:\/\/adelinegestion.com\/wp-content\/uploads\/2024\/01\/logo-site-1-244x300.png 244w\" sizes=\"(max-width: 665px) 100vw, 665px\" \/>\t\t\t\t\t\t\t\t\t\t\t\t\t\t\t<\/div>\n\t\t\t\t<\/div>\n\t\t<div class=\"elementor-element elementor-element-fde4125 e-con-full e-flex e-con e-child\" data-id=\"fde4125\" data-element_type=\"container\" data-e-type=\"container\">\n\t\t\t\t<div class=\"elementor-element elementor-element-856fc09 elementor-widget elementor-widget-text-editor\" data-id=\"856fc09\" data-element_type=\"widget\" data-e-type=\"widget\" data-widget_type=\"text-editor.default\">\n\t\t\t\t<div class=\"elementor-widget-container\">\n\t\t\t\t\t\t\t\t\t<p>La promotion immobili\u00e8re conna\u00eet des pics d&#8217;activit\u00e9s courts mais d&#8217;une importance majeure.<br \/>Je vous propose mon expertise et mes services pendant ces moments pour vous permettre de garder le cap sur vos objectifs &#8220;chantier&#8221; tout en vous assurant de faire profiter \u00e0 vos acqu\u00e9reurs d&#8217;une exp\u00e9rience personnalis\u00e9e, professionnelle et qualitative.<\/p>\t\t\t\t\t\t\t\t<\/div>\n\t\t\t\t<\/div>\n\t\t\t\t<\/div>\n\t\t\t\t<\/div>\n\t\t<div class=\"elementor-element elementor-element-a96e6bc e-flex e-con-boxed e-con e-parent\" data-id=\"a96e6bc\" data-element_type=\"container\" data-e-type=\"container\">\n\t\t\t\t\t<div class=\"e-con-inner\">\n\t\t\t\t<div class=\"elementor-element elementor-element-f4d250c elementor-widget elementor-widget-text-editor\" data-id=\"f4d250c\" data-element_type=\"widget\" data-e-type=\"widget\" data-widget_type=\"text-editor.default\">\n\t\t\t\t<div class=\"elementor-widget-container\">\n\t\t\t\t\t\t\t\t\t<p><strong>Gestion des TMA (travaux modificatifs des acqu\u00e9reurs)<br \/><\/strong>Recueil des demandes de modification des acqu\u00e9reurs,<br \/><span style=\"font-size: 19px;\">Consultation du ma\u00eetre d&#8217;ouvrage, de la ma\u00eetrise d&#8217;oeuvre, des bureaux d&#8217;\u00e9tudes,<\/span><span style=\"font-family: Roboto, sans-serif; font-style: normal; font-variant-ligatures: normal; font-variant-caps: normal; font-weight: 400; font-size: 14px;\">\u00a0<\/span><span style=\"font-size: 19px;\">des entreprises titulaires des lots,\u00a0 pour\u00a0 confirmation de la faisabilit\u00e9 et de la conformit\u00e9, puis chiffrage.<br \/><\/span><span style=\"font-size: 19px;\">Remise de devis et suivi des retours des clients.<\/span><\/p><p>\u00a0<\/p><p><strong>Gestion des choix de personnalisation<\/strong><strong><br \/><\/strong>Accueil des acqu\u00e9reurs, pr\u00e9sentation de la gamme contractuelle,<br \/><span style=\"font-size: 19px; text-align: var(--text-align);\">Chiffrage des plus values dans le cas de choix hors gamme (dans le cadre pr\u00e9alablement d\u00e9fini).<\/span><\/p><p><span style=\"font-size: 19px; text-align: var(--text-align);\">\u00a0<\/span><\/p><p><strong>Suivi commercial, administratif, comptable et technique<br \/><\/strong>Relations clients de la r\u00e9servation jusqu&#8217;\u00e0 la livraison (en vente achev\u00e9e et en VEFA),<br \/><span style=\"font-size: 19px;\">Suivi des dossiers avec l&#8217;office notarial et des appels de fonds,<br \/><\/span><span style=\"font-size: 19px;\">Visites &#8220;cloisons&#8221;, &#8220;pr\u00e9-livraisons&#8221; et remise des cl\u00e9s.<\/span><\/p><p>\u00a0<\/p><p><strong>SAV &#8211; Garantie de Parfait Ach\u00e8vement (GPA)<\/strong><\/p><p>Recueil et analyse des d\u00e9clarations de d\u00e9sordre<br \/>Solliciation du Ma\u00eetre d&#8217;oeuvre et des entreprises<br \/>Coordination des interventions<br \/>Traitement des quitus<\/p>\t\t\t\t\t\t\t\t<\/div>\n\t\t\t\t<\/div>\n\t\t\t\t\t<\/div>\n\t\t\t\t<\/div>\n\t\t<div class=\"elementor-element elementor-element-6f693fe e-flex e-con-boxed e-con e-parent\" data-id=\"6f693fe\" data-element_type=\"container\" data-e-type=\"container\">\n\t\t\t\t\t<div class=\"e-con-inner\">\n\t\t\t\t<div class=\"elementor-element elementor-element-07bb8a9 elementor-widget elementor-widget-image\" data-id=\"07bb8a9\" data-element_type=\"widget\" data-e-type=\"widget\" data-widget_type=\"image.default\">\n\t\t\t\t<div class=\"elementor-widget-container\">\n\t\t\t\t\t\t\t\t\t\t\t\t<figure class=\"wp-caption\">\n\t\t\t\t\t\t\t\t\t\t\t<a href=\"https:\/\/www.youtube.com\/watch?v=Q7d6UZ1CjsM\" target=\"_blank\">\n\t\t\t\t\t\t\t<img decoding=\"async\" width=\"1024\" height=\"581\" src=\"https:\/\/adelinegestion.com\/wp-content\/uploads\/2025\/02\/Hikari-1024x581.jpg\" class=\"attachment-large size-large wp-image-827\" alt=\"Immeuble en brique, Domaine Hikari La Roche sur Foron\" srcset=\"https:\/\/adelinegestion.com\/wp-content\/uploads\/2025\/02\/Hikari-1024x581.jpg 1024w, https:\/\/adelinegestion.com\/wp-content\/uploads\/2025\/02\/Hikari-300x170.jpg 300w, https:\/\/adelinegestion.com\/wp-content\/uploads\/2025\/02\/Hikari-768x436.jpg 768w, https:\/\/adelinegestion.com\/wp-content\/uploads\/2025\/02\/Hikari-1536x871.jpg 1536w, https:\/\/adelinegestion.com\/wp-content\/uploads\/2025\/02\/Hikari-2048x1162.jpg 2048w\" sizes=\"(max-width: 1024px) 100vw, 1024px\" \/>\t\t\t\t\t\t\t\t<\/a>\n\t\t\t\t\t\t\t\t\t\t\t<figcaption class=\"widget-image-caption wp-caption-text\">Domaine Hikari - La Roche Sur Foron - Vinci Immobilier<\/figcaption>\n\t\t\t\t\t\t\t\t\t\t<\/figure>\n\t\t\t\t\t\t\t\t\t<\/div>\n\t\t\t\t<\/div>\n\t\t\t\t\t<\/div>\n\t\t\t\t<\/div>\n\t\t<div class=\"elementor-element elementor-element-445cd7c e-flex e-con-boxed e-con e-parent\" data-id=\"445cd7c\" data-element_type=\"container\" data-e-type=\"container\">\n\t\t\t\t\t<div class=\"e-con-inner\">\n\t\t\t\t<div class=\"elementor-element elementor-element-ca14d2d elementor-widget elementor-widget-heading\" data-id=\"ca14d2d\" data-element_type=\"widget\" data-e-type=\"widget\" data-widget_type=\"heading.default\">\n\t\t\t\t<div class=\"elementor-widget-container\">\n\t\t\t\t\t<h2 class=\"elementor-heading-title elementor-size-default\">Mon exp\u00e9rience en chiffres<\/h2>\t\t\t\t<\/div>\n\t\t\t\t<\/div>\n\t\t\t\t\t<\/div>\n\t\t\t\t<\/div>\n\t\t<div class=\"elementor-element elementor-element-c44bb7d e-flex e-con-boxed e-con e-parent\" data-id=\"c44bb7d\" data-element_type=\"container\" data-e-type=\"container\">\n\t\t\t\t\t<div class=\"e-con-inner\">\n\t\t<div class=\"elementor-element elementor-element-a28707b e-con-full e-flex e-con e-child\" data-id=\"a28707b\" data-element_type=\"container\" data-e-type=\"container\" data-settings=\"{&quot;background_background&quot;:&quot;classic&quot;}\">\n\t\t\t\t<div class=\"elementor-element elementor-element-9841dac elementor-view-default elementor-widget elementor-widget-icon\" data-id=\"9841dac\" data-element_type=\"widget\" data-e-type=\"widget\" data-widget_type=\"icon.default\">\n\t\t\t\t<div class=\"elementor-widget-container\">\n\t\t\t\t\t\t\t<div class=\"elementor-icon-wrapper\">\n\t\t\t<div class=\"elementor-icon\">\n\t\t\t<svg aria-hidden=\"true\" class=\"e-font-icon-svg e-far-list-alt\" viewBox=\"0 0 512 512\" xmlns=\"http:\/\/www.w3.org\/2000\/svg\"><path d=\"M464 32H48C21.49 32 0 53.49 0 80v352c0 26.51 21.49 48 48 48h416c26.51 0 48-21.49 48-48V80c0-26.51-21.49-48-48-48zm-6 400H54a6 6 0 0 1-6-6V86a6 6 0 0 1 6-6h404a6 6 0 0 1 6 6v340a6 6 0 0 1-6 6zm-42-92v24c0 6.627-5.373 12-12 12H204c-6.627 0-12-5.373-12-12v-24c0-6.627 5.373-12 12-12h200c6.627 0 12 5.373 12 12zm0-96v24c0 6.627-5.373 12-12 12H204c-6.627 0-12-5.373-12-12v-24c0-6.627 5.373-12 12-12h200c6.627 0 12 5.373 12 12zm0-96v24c0 6.627-5.373 12-12 12H204c-6.627 0-12-5.373-12-12v-24c0-6.627 5.373-12 12-12h200c6.627 0 12 5.373 12 12zm-252 12c0 19.882-16.118 36-36 36s-36-16.118-36-36 16.118-36 36-36 36 16.118 36 36zm0 96c0 19.882-16.118 36-36 36s-36-16.118-36-36 16.118-36 36-36 36 16.118 36 36zm0 96c0 19.882-16.118 36-36 36s-36-16.118-36-36 16.118-36 36-36 36 16.118 36 36z\"><\/path><\/svg>\t\t\t<\/div>\n\t\t<\/div>\n\t\t\t\t\t\t<\/div>\n\t\t\t\t<\/div>\n\t\t\t\t<div class=\"elementor-element elementor-element-6d962d9 elementor-widget elementor-widget-heading\" data-id=\"6d962d9\" data-element_type=\"widget\" data-e-type=\"widget\" data-widget_type=\"heading.default\">\n\t\t\t\t<div class=\"elementor-widget-container\">\n\t\t\t\t\t<h2 class=\"elementor-heading-title elementor-size-default\">20 ans d'exp\u00e9rience en promotion immobili\u00e8re <\/h2>\t\t\t\t<\/div>\n\t\t\t\t<\/div>\n\t\t\t\t<\/div>\n\t\t<div class=\"elementor-element elementor-element-79b2984 e-con-full e-flex e-con e-child\" data-id=\"79b2984\" data-element_type=\"container\" data-e-type=\"container\" data-settings=\"{&quot;background_background&quot;:&quot;classic&quot;}\">\n\t\t\t\t<div class=\"elementor-element elementor-element-93beda1 elementor-view-default elementor-widget elementor-widget-icon\" data-id=\"93beda1\" data-element_type=\"widget\" data-e-type=\"widget\" data-widget_type=\"icon.default\">\n\t\t\t\t<div class=\"elementor-widget-container\">\n\t\t\t\t\t\t\t<div class=\"elementor-icon-wrapper\">\n\t\t\t<div class=\"elementor-icon\">\n\t\t\t<svg aria-hidden=\"true\" class=\"e-font-icon-svg e-fas-city\" viewBox=\"0 0 640 512\" xmlns=\"http:\/\/www.w3.org\/2000\/svg\"><path d=\"M616 192H480V24c0-13.26-10.74-24-24-24H312c-13.26 0-24 10.74-24 24v72h-64V16c0-8.84-7.16-16-16-16h-16c-8.84 0-16 7.16-16 16v80h-64V16c0-8.84-7.16-16-16-16H80c-8.84 0-16 7.16-16 16v80H24c-13.26 0-24 10.74-24 24v360c0 17.67 14.33 32 32 32h576c17.67 0 32-14.33 32-32V216c0-13.26-10.75-24-24-24zM128 404c0 6.63-5.37 12-12 12H76c-6.63 0-12-5.37-12-12v-40c0-6.63 5.37-12 12-12h40c6.63 0 12 5.37 12 12v40zm0-96c0 6.63-5.37 12-12 12H76c-6.63 0-12-5.37-12-12v-40c0-6.63 5.37-12 12-12h40c6.63 0 12 5.37 12 12v40zm0-96c0 6.63-5.37 12-12 12H76c-6.63 0-12-5.37-12-12v-40c0-6.63 5.37-12 12-12h40c6.63 0 12 5.37 12 12v40zm128 192c0 6.63-5.37 12-12 12h-40c-6.63 0-12-5.37-12-12v-40c0-6.63 5.37-12 12-12h40c6.63 0 12 5.37 12 12v40zm0-96c0 6.63-5.37 12-12 12h-40c-6.63 0-12-5.37-12-12v-40c0-6.63 5.37-12 12-12h40c6.63 0 12 5.37 12 12v40zm0-96c0 6.63-5.37 12-12 12h-40c-6.63 0-12-5.37-12-12v-40c0-6.63 5.37-12 12-12h40c6.63 0 12 5.37 12 12v40zm160 96c0 6.63-5.37 12-12 12h-40c-6.63 0-12-5.37-12-12v-40c0-6.63 5.37-12 12-12h40c6.63 0 12 5.37 12 12v40zm0-96c0 6.63-5.37 12-12 12h-40c-6.63 0-12-5.37-12-12v-40c0-6.63 5.37-12 12-12h40c6.63 0 12 5.37 12 12v40zm0-96c0 6.63-5.37 12-12 12h-40c-6.63 0-12-5.37-12-12V76c0-6.63 5.37-12 12-12h40c6.63 0 12 5.37 12 12v40zm160 288c0 6.63-5.37 12-12 12h-40c-6.63 0-12-5.37-12-12v-40c0-6.63 5.37-12 12-12h40c6.63 0 12 5.37 12 12v40zm0-96c0 6.63-5.37 12-12 12h-40c-6.63 0-12-5.37-12-12v-40c0-6.63 5.37-12 12-12h40c6.63 0 12 5.37 12 12v40z\"><\/path><\/svg>\t\t\t<\/div>\n\t\t<\/div>\n\t\t\t\t\t\t<\/div>\n\t\t\t\t<\/div>\n\t\t\t\t<div class=\"elementor-element elementor-element-377eb38 elementor-widget elementor-widget-heading\" data-id=\"377eb38\" data-element_type=\"widget\" data-e-type=\"widget\" data-widget_type=\"heading.default\">\n\t\t\t\t<div class=\"elementor-widget-container\">\n\t\t\t\t\t<h2 class=\"elementor-heading-title elementor-size-default\">31 programmes immobiliers livr\u00e9s, + de 600 logements<\/h2>\t\t\t\t<\/div>\n\t\t\t\t<\/div>\n\t\t\t\t<\/div>\n\t\t<div class=\"elementor-element elementor-element-12ef239 e-con-full e-flex e-con e-child\" data-id=\"12ef239\" data-element_type=\"container\" data-e-type=\"container\" data-settings=\"{&quot;background_background&quot;:&quot;classic&quot;}\">\n\t\t\t\t<div class=\"elementor-element elementor-element-3c8194f elementor-view-default elementor-widget elementor-widget-icon\" data-id=\"3c8194f\" data-element_type=\"widget\" data-e-type=\"widget\" data-widget_type=\"icon.default\">\n\t\t\t\t<div class=\"elementor-widget-container\">\n\t\t\t\t\t\t\t<div class=\"elementor-icon-wrapper\">\n\t\t\t<div class=\"elementor-icon\">\n\t\t\t<svg aria-hidden=\"true\" class=\"e-font-icon-svg e-far-grin-beam\" viewBox=\"0 0 496 512\" xmlns=\"http:\/\/www.w3.org\/2000\/svg\"><path d=\"M248 8C111 8 0 119 0 256s111 248 248 248 248-111 248-248S385 8 248 8zm0 448c-110.3 0-200-89.7-200-200S137.7 56 248 56s200 89.7 200 200-89.7 200-200 200zm105.6-151.4c-25.9 8.3-64.4 13.1-105.6 13.1s-79.6-4.8-105.6-13.1c-9.8-3.1-19.4 5.3-17.7 15.3 7.9 47.1 71.3 80 123.3 80s115.3-32.9 123.3-80c1.6-9.8-7.7-18.4-17.7-15.3zm-235.9-72.9c3.5 1.1 7.4-.5 9.3-3.7l9.5-17c7.7-13.7 19.2-21.6 31.5-21.6s23.8 7.9 31.5 21.6l9.5 17c2.1 3.7 6.2 4.7 9.3 3.7 3.6-1.1 6-4.5 5.7-8.3-3.3-42.1-32.2-71.4-56-71.4s-52.7 29.3-56 71.4c-.3 3.7 2.1 7.2 5.7 8.3zm160 0c3.5 1.1 7.4-.5 9.3-3.7l9.5-17c7.7-13.7 19.2-21.6 31.5-21.6s23.8 7.9 31.5 21.6l9.5 17c2.1 3.7 6.2 4.7 9.3 3.7 3.6-1.1 6-4.5 5.7-8.3-3.3-42.1-32.2-71.4-56-71.4s-52.7 29.3-56 71.4c-.3 3.7 2.1 7.2 5.7 8.3z\"><\/path><\/svg>\t\t\t<\/div>\n\t\t<\/div>\n\t\t\t\t\t\t<\/div>\n\t\t\t\t<\/div>\n\t\t\t\t<div class=\"elementor-element elementor-element-2bb827c elementor-widget elementor-widget-heading\" data-id=\"2bb827c\" data-element_type=\"widget\" data-e-type=\"widget\" data-widget_type=\"heading.default\">\n\t\t\t\t<div class=\"elementor-widget-container\">\n\t\t\t\t\t<h2 class=\"elementor-heading-title elementor-size-default\">+ de 400 clients re\u00e7us pour les choix de personnalisation<\/h2>\t\t\t\t<\/div>\n\t\t\t\t<\/div>\n\t\t\t\t<\/div>\n\t\t<div class=\"elementor-element elementor-element-e2c95f1 e-con-full e-flex e-con e-child\" data-id=\"e2c95f1\" data-element_type=\"container\" data-e-type=\"container\" data-settings=\"{&quot;background_background&quot;:&quot;classic&quot;}\">\n\t\t\t\t<div class=\"elementor-element elementor-element-13ad99e elementor-view-default elementor-widget elementor-widget-icon\" data-id=\"13ad99e\" data-element_type=\"widget\" data-e-type=\"widget\" data-widget_type=\"icon.default\">\n\t\t\t\t<div class=\"elementor-widget-container\">\n\t\t\t\t\t\t\t<div class=\"elementor-icon-wrapper\">\n\t\t\t<div class=\"elementor-icon\">\n\t\t\t<svg aria-hidden=\"true\" class=\"e-font-icon-svg e-far-check-circle\" viewBox=\"0 0 512 512\" xmlns=\"http:\/\/www.w3.org\/2000\/svg\"><path d=\"M256 8C119.033 8 8 119.033 8 256s111.033 248 248 248 248-111.033 248-248S392.967 8 256 8zm0 48c110.532 0 200 89.451 200 200 0 110.532-89.451 200-200 200-110.532 0-200-89.451-200-200 0-110.532 89.451-200 200-200m140.204 130.267l-22.536-22.718c-4.667-4.705-12.265-4.736-16.97-.068L215.346 303.697l-59.792-60.277c-4.667-4.705-12.265-4.736-16.97-.069l-22.719 22.536c-4.705 4.667-4.736 12.265-.068 16.971l90.781 91.516c4.667 4.705 12.265 4.736 16.97.068l172.589-171.204c4.704-4.668 4.734-12.266.067-16.971z\"><\/path><\/svg>\t\t\t<\/div>\n\t\t<\/div>\n\t\t\t\t\t\t<\/div>\n\t\t\t\t<\/div>\n\t\t\t\t<div class=\"elementor-element elementor-element-1b7f48d elementor-widget elementor-widget-heading\" data-id=\"1b7f48d\" data-element_type=\"widget\" data-e-type=\"widget\" data-widget_type=\"heading.default\">\n\t\t\t\t<div class=\"elementor-widget-container\">\n\t\t\t\t\t<h2 class=\"elementor-heading-title elementor-size-default\">+ de 100 appartements avec des demandes de TMA pris en charges<\/h2>\t\t\t\t<\/div>\n\t\t\t\t<\/div>\n\t\t\t\t<\/div>\n\t\t\t\t\t<\/div>\n\t\t\t\t<\/div>\n\t\t\t\t<\/div>\n\t\t","protected":false},"excerpt":{"rendered":"<p>Assistance \u00e0 la ma\u00eetrise d&#8217;ouvrage en promotion immobili\u00e8re La promotion immobili\u00e8re conna\u00eet des pics d&#8217;activit\u00e9s courts mais d&#8217;une importance majeure.Je vous propose mon expertise et mes services pendant ces moments pour vous permettre de garder le cap sur vos objectifs &#8220;chantier&#8221; tout en vous assurant de faire profiter \u00e0 vos acqu\u00e9reurs d&#8217;une exp\u00e9rience personnalis\u00e9e, professionnelle [&hellip;]<\/p>\n","protected":false},"author":1,"featured_media":0,"parent":0,"menu_order":0,"comment_status":"closed","ping_status":"closed","template":"","meta":{"footnotes":""},"class_list":["post-245","page","type-page","status-publish","hentry","entry"],"yoast_head":"<!-- This site is optimized with the Yoast SEO plugin v27.4 - https:\/\/yoast.com\/product\/yoast-seo-wordpress\/ -->\n<title>Prestations AMO Assistance Ma\u00eetrise d&#039;Ouvrage<\/title>\n<meta name=\"description\" content=\"Prestations d&#039;AMO, assistance \u00e0 la ma\u00eetrise d&#039;ouvrage, suivi clients, gestion des TMA Travaux modificatifs acqu\u00e9reurs\" \/>\n<meta name=\"robots\" content=\"index, follow, max-snippet:-1, max-image-preview:large, max-video-preview:-1\" \/>\n<link rel=\"canonical\" href=\"https:\/\/adelinegestion.com\/index.php\/prestations_amo_tma_\/\" \/>\n<meta property=\"og:locale\" content=\"en_US\" \/>\n<meta property=\"og:type\" content=\"article\" \/>\n<meta property=\"og:title\" content=\"Prestations AMO Assistance Ma\u00eetrise d&#039;Ouvrage\" \/>\n<meta property=\"og:description\" content=\"Prestations d&#039;AMO, assistance \u00e0 la ma\u00eetrise d&#039;ouvrage, suivi clients, gestion des TMA Travaux modificatifs acqu\u00e9reurs\" \/>\n<meta property=\"og:url\" content=\"https:\/\/adelinegestion.com\/index.php\/prestations_amo_tma_\/\" \/>\n<meta property=\"article:modified_time\" content=\"2026-03-17T10:51:58+00:00\" \/>\n<meta property=\"og:image\" content=\"https:\/\/adelinegestion.com\/wp-content\/uploads\/2024\/01\/logo-site-1.png\" \/>\n\t<meta property=\"og:image:width\" content=\"665\" \/>\n\t<meta property=\"og:image:height\" content=\"819\" \/>\n\t<meta property=\"og:image:type\" content=\"image\/png\" \/>\n<meta name=\"twitter:card\" content=\"summary_large_image\" \/>\n<meta name=\"twitter:label1\" content=\"Est. reading time\" \/>\n\t<meta name=\"twitter:data1\" content=\"2 minutes\" \/>\n<script type=\"application\/ld+json\" class=\"yoast-schema-graph\">{\"@context\":\"https:\\\/\\\/schema.org\",\"@graph\":[{\"@type\":\"WebPage\",\"@id\":\"https:\\\/\\\/adelinegestion.com\\\/index.php\\\/prestations_amo_tma_\\\/\",\"url\":\"https:\\\/\\\/adelinegestion.com\\\/index.php\\\/prestations_amo_tma_\\\/\",\"name\":\"Prestations AMO Assistance Ma\u00eetrise d'Ouvrage\",\"isPartOf\":{\"@id\":\"https:\\\/\\\/adelinegestion.com\\\/#website\"},\"primaryImageOfPage\":{\"@id\":\"https:\\\/\\\/adelinegestion.com\\\/index.php\\\/prestations_amo_tma_\\\/#primaryimage\"},\"image\":{\"@id\":\"https:\\\/\\\/adelinegestion.com\\\/index.php\\\/prestations_amo_tma_\\\/#primaryimage\"},\"thumbnailUrl\":\"https:\\\/\\\/adelinegestion.com\\\/wp-content\\\/uploads\\\/2024\\\/01\\\/logo-site-1.png\",\"datePublished\":\"2024-01-17T09:28:15+00:00\",\"dateModified\":\"2026-03-17T10:51:58+00:00\",\"description\":\"Prestations d'AMO, assistance \u00e0 la ma\u00eetrise d'ouvrage, suivi clients, gestion des TMA Travaux modificatifs acqu\u00e9reurs\",\"breadcrumb\":{\"@id\":\"https:\\\/\\\/adelinegestion.com\\\/index.php\\\/prestations_amo_tma_\\\/#breadcrumb\"},\"inLanguage\":\"en-US\",\"potentialAction\":[{\"@type\":\"ReadAction\",\"target\":[\"https:\\\/\\\/adelinegestion.com\\\/index.php\\\/prestations_amo_tma_\\\/\"]}]},{\"@type\":\"ImageObject\",\"inLanguage\":\"en-US\",\"@id\":\"https:\\\/\\\/adelinegestion.com\\\/index.php\\\/prestations_amo_tma_\\\/#primaryimage\",\"url\":\"https:\\\/\\\/adelinegestion.com\\\/wp-content\\\/uploads\\\/2024\\\/01\\\/logo-site-1.png\",\"contentUrl\":\"https:\\\/\\\/adelinegestion.com\\\/wp-content\\\/uploads\\\/2024\\\/01\\\/logo-site-1.png\",\"width\":665,\"height\":819,\"caption\":\"logo-site-adeline-gestion\"},{\"@type\":\"BreadcrumbList\",\"@id\":\"https:\\\/\\\/adelinegestion.com\\\/index.php\\\/prestations_amo_tma_\\\/#breadcrumb\",\"itemListElement\":[{\"@type\":\"ListItem\",\"position\":1,\"name\":\"Accueil\",\"item\":\"https:\\\/\\\/adelinegestion.com\\\/\"},{\"@type\":\"ListItem\",\"position\":2,\"name\":\"Prestations en promotion immobili\u00e8re\"}]},{\"@type\":\"WebSite\",\"@id\":\"https:\\\/\\\/adelinegestion.com\\\/#website\",\"url\":\"https:\\\/\\\/adelinegestion.com\\\/\",\"name\":\"\",\"description\":\"\",\"potentialAction\":[{\"@type\":\"SearchAction\",\"target\":{\"@type\":\"EntryPoint\",\"urlTemplate\":\"https:\\\/\\\/adelinegestion.com\\\/?s={search_term_string}\"},\"query-input\":{\"@type\":\"PropertyValueSpecification\",\"valueRequired\":true,\"valueName\":\"search_term_string\"}}],\"inLanguage\":\"en-US\"}]}<\/script>\n<!-- \/ Yoast SEO plugin. -->","yoast_head_json":{"title":"Prestations AMO Assistance Ma\u00eetrise d'Ouvrage","description":"Prestations d'AMO, assistance \u00e0 la ma\u00eetrise d'ouvrage, suivi clients, gestion des TMA Travaux modificatifs acqu\u00e9reurs","robots":{"index":"index","follow":"follow","max-snippet":"max-snippet:-1","max-image-preview":"max-image-preview:large","max-video-preview":"max-video-preview:-1"},"canonical":"https:\/\/adelinegestion.com\/index.php\/prestations_amo_tma_\/","og_locale":"en_US","og_type":"article","og_title":"Prestations AMO Assistance Ma\u00eetrise d'Ouvrage","og_description":"Prestations d'AMO, assistance \u00e0 la ma\u00eetrise d'ouvrage, suivi clients, gestion des TMA Travaux modificatifs acqu\u00e9reurs","og_url":"https:\/\/adelinegestion.com\/index.php\/prestations_amo_tma_\/","article_modified_time":"2026-03-17T10:51:58+00:00","og_image":[{"width":665,"height":819,"url":"https:\/\/adelinegestion.com\/wp-content\/uploads\/2024\/01\/logo-site-1.png","type":"image\/png"}],"twitter_card":"summary_large_image","twitter_misc":{"Est. reading time":"2 minutes"},"schema":{"@context":"https:\/\/schema.org","@graph":[{"@type":"WebPage","@id":"https:\/\/adelinegestion.com\/index.php\/prestations_amo_tma_\/","url":"https:\/\/adelinegestion.com\/index.php\/prestations_amo_tma_\/","name":"Prestations AMO Assistance Ma\u00eetrise d'Ouvrage","isPartOf":{"@id":"https:\/\/adelinegestion.com\/#website"},"primaryImageOfPage":{"@id":"https:\/\/adelinegestion.com\/index.php\/prestations_amo_tma_\/#primaryimage"},"image":{"@id":"https:\/\/adelinegestion.com\/index.php\/prestations_amo_tma_\/#primaryimage"},"thumbnailUrl":"https:\/\/adelinegestion.com\/wp-content\/uploads\/2024\/01\/logo-site-1.png","datePublished":"2024-01-17T09:28:15+00:00","dateModified":"2026-03-17T10:51:58+00:00","description":"Prestations d'AMO, assistance \u00e0 la ma\u00eetrise d'ouvrage, suivi clients, gestion des TMA Travaux modificatifs acqu\u00e9reurs","breadcrumb":{"@id":"https:\/\/adelinegestion.com\/index.php\/prestations_amo_tma_\/#breadcrumb"},"inLanguage":"en-US","potentialAction":[{"@type":"ReadAction","target":["https:\/\/adelinegestion.com\/index.php\/prestations_amo_tma_\/"]}]},{"@type":"ImageObject","inLanguage":"en-US","@id":"https:\/\/adelinegestion.com\/index.php\/prestations_amo_tma_\/#primaryimage","url":"https:\/\/adelinegestion.com\/wp-content\/uploads\/2024\/01\/logo-site-1.png","contentUrl":"https:\/\/adelinegestion.com\/wp-content\/uploads\/2024\/01\/logo-site-1.png","width":665,"height":819,"caption":"logo-site-adeline-gestion"},{"@type":"BreadcrumbList","@id":"https:\/\/adelinegestion.com\/index.php\/prestations_amo_tma_\/#breadcrumb","itemListElement":[{"@type":"ListItem","position":1,"name":"Accueil","item":"https:\/\/adelinegestion.com\/"},{"@type":"ListItem","position":2,"name":"Prestations en promotion immobili\u00e8re"}]},{"@type":"WebSite","@id":"https:\/\/adelinegestion.com\/#website","url":"https:\/\/adelinegestion.com\/","name":"","description":"","potentialAction":[{"@type":"SearchAction","target":{"@type":"EntryPoint","urlTemplate":"https:\/\/adelinegestion.com\/?s={search_term_string}"},"query-input":{"@type":"PropertyValueSpecification","valueRequired":true,"valueName":"search_term_string"}}],"inLanguage":"en-US"}]}},"_links":{"self":[{"href":"https:\/\/adelinegestion.com\/index.php\/wp-json\/wp\/v2\/pages\/245","targetHints":{"allow":["GET"]}}],"collection":[{"href":"https:\/\/adelinegestion.com\/index.php\/wp-json\/wp\/v2\/pages"}],"about":[{"href":"https:\/\/adelinegestion.com\/index.php\/wp-json\/wp\/v2\/types\/page"}],"author":[{"embeddable":true,"href":"https:\/\/adelinegestion.com\/index.php\/wp-json\/wp\/v2\/users\/1"}],"replies":[{"embeddable":true,"href":"https:\/\/adelinegestion.com\/index.php\/wp-json\/wp\/v2\/comments?post=245"}],"version-history":[{"count":79,"href":"https:\/\/adelinegestion.com\/index.php\/wp-json\/wp\/v2\/pages\/245\/revisions"}],"predecessor-version":[{"id":866,"href":"https:\/\/adelinegestion.com\/index.php\/wp-json\/wp\/v2\/pages\/245\/revisions\/866"}],"wp:attachment":[{"href":"https:\/\/adelinegestion.com\/index.php\/wp-json\/wp\/v2\/media?parent=245"}],"curies":[{"name":"wp","href":"https:\/\/api.w.org\/{rel}","templated":true}]}}