{"id":23,"date":"2024-01-08T15:23:42","date_gmt":"2024-01-08T14:23:42","guid":{"rendered":"https:\/\/adelinegestion.com\/?page_id=23"},"modified":"2026-03-17T11:43:17","modified_gmt":"2026-03-17T10:43:17","slug":"accueil_assistante_independante","status":"publish","type":"page","link":"https:\/\/adelinegestion.com\/","title":{"rendered":"Accueil"},"content":{"rendered":"\t\t<div data-elementor-type=\"wp-page\" data-elementor-id=\"23\" class=\"elementor elementor-23\">\n\t\t\t\t<div class=\"elementor-element elementor-element-0080cff e-flex e-con-boxed e-con e-parent\" data-id=\"0080cff\" data-element_type=\"container\" data-e-type=\"container\" data-settings=\"{&quot;background_background&quot;:&quot;classic&quot;}\">\n\t\t\t\t\t<div class=\"e-con-inner\">\n\t\t<div class=\"elementor-element elementor-element-8e5399d e-con-full e-flex e-con e-child\" data-id=\"8e5399d\" data-element_type=\"container\" data-e-type=\"container\">\n\t\t\t\t<div class=\"elementor-element elementor-element-f13e8f1 elementor-widget__width-initial elementor-widget elementor-widget-image\" data-id=\"f13e8f1\" data-element_type=\"widget\" data-e-type=\"widget\" data-widget_type=\"image.default\">\n\t\t\t\t<div class=\"elementor-widget-container\">\n\t\t\t\t\t\t\t\t\t\t\t\t\t\t\t\t<a href=\"https:\/\/adelinegestion.com\">\n\t\t\t\t\t\t\t<img fetchpriority=\"high\" decoding=\"async\" width=\"1024\" height=\"1024\" src=\"https:\/\/adelinegestion.com\/wp-content\/uploads\/2024\/01\/Gold-Luxury-Initial-Circle-Logo-1-1024x1024.png\" class=\"attachment-large size-large wp-image-314\" alt=\"logo-site-adeline-gestion-avec-serif\" srcset=\"https:\/\/adelinegestion.com\/wp-content\/uploads\/2024\/01\/Gold-Luxury-Initial-Circle-Logo-1-1024x1024.png 1024w, https:\/\/adelinegestion.com\/wp-content\/uploads\/2024\/01\/Gold-Luxury-Initial-Circle-Logo-1-300x300.png 300w, https:\/\/adelinegestion.com\/wp-content\/uploads\/2024\/01\/Gold-Luxury-Initial-Circle-Logo-1-150x150.png 150w, https:\/\/adelinegestion.com\/wp-content\/uploads\/2024\/01\/Gold-Luxury-Initial-Circle-Logo-1-768x768.png 768w, https:\/\/adelinegestion.com\/wp-content\/uploads\/2024\/01\/Gold-Luxury-Initial-Circle-Logo-1-1536x1536.png 1536w, https:\/\/adelinegestion.com\/wp-content\/uploads\/2024\/01\/Gold-Luxury-Initial-Circle-Logo-1-600x600.png 600w, https:\/\/adelinegestion.com\/wp-content\/uploads\/2024\/01\/Gold-Luxury-Initial-Circle-Logo-1.png 1563w\" sizes=\"(max-width: 1024px) 100vw, 1024px\" \/>\t\t\t\t\t\t\t\t<\/a>\n\t\t\t\t\t\t\t\t\t\t\t\t\t\t\t<\/div>\n\t\t\t\t<\/div>\n\t\t\t\t<\/div>\n\t\t<div class=\"elementor-element elementor-element-7c2bb65 e-con-full e-flex e-con e-child\" data-id=\"7c2bb65\" data-element_type=\"container\" data-e-type=\"container\">\n\t\t\t\t<div class=\"elementor-element elementor-element-2f66cd3 elementor-invisible elementor-widget elementor-widget-text-editor\" data-id=\"2f66cd3\" data-element_type=\"widget\" data-e-type=\"widget\" data-settings=\"{&quot;_animation&quot;:&quot;fadeIn&quot;}\" data-widget_type=\"text-editor.default\">\n\t\t\t\t<div class=\"elementor-widget-container\">\n\t\t\t\t\t\t\t\t\t<h1>Assistance Ma\u00eetrise d&#8217;Ouvrage en promotion immobili\u00e8re<\/h1>\t\t\t\t\t\t\t\t<\/div>\n\t\t\t\t<\/div>\n\t\t\t\t<div class=\"elementor-element elementor-element-91a5bb3 elementor-invisible elementor-widget elementor-widget-text-editor\" data-id=\"91a5bb3\" data-element_type=\"widget\" data-e-type=\"widget\" data-settings=\"{&quot;_animation&quot;:&quot;fadeIn&quot;}\" data-widget_type=\"text-editor.default\">\n\t\t\t\t<div class=\"elementor-widget-container\">\n\t\t\t\t\t\t\t\t\t<h1>Assistance de gestion pour les P.M.E.<\/h1>\t\t\t\t\t\t\t\t<\/div>\n\t\t\t\t<\/div>\n\t\t\t\t<div class=\"elementor-element elementor-element-9e40d04 elementor-invisible elementor-widget elementor-widget-text-editor\" data-id=\"9e40d04\" data-element_type=\"widget\" data-e-type=\"widget\" data-settings=\"{&quot;_animation&quot;:&quot;fadeIn&quot;}\" data-widget_type=\"text-editor.default\">\n\t\t\t\t<div class=\"elementor-widget-container\">\n\t\t\t\t\t\t\t\t\t<h1>Gestion commerciale, administrative et comptable.<\/h1>\t\t\t\t\t\t\t\t<\/div>\n\t\t\t\t<\/div>\n\t\t\t\t<div class=\"elementor-element elementor-element-7645608 elementor-invisible elementor-widget elementor-widget-text-editor\" data-id=\"7645608\" data-element_type=\"widget\" data-e-type=\"widget\" data-settings=\"{&quot;_animation&quot;:&quot;fadeIn&quot;}\" data-widget_type=\"text-editor.default\">\n\t\t\t\t<div class=\"elementor-widget-container\">\n\t\t\t\t\t\t\t\t\t<h1>Animations des r\u00e9seaux et pr\u00e9sence web\u00a0<\/h1>\t\t\t\t\t\t\t\t<\/div>\n\t\t\t\t<\/div>\n\t\t\t\t<div class=\"elementor-element elementor-element-bf43570 elementor-invisible elementor-widget elementor-widget-text-editor\" data-id=\"bf43570\" data-element_type=\"widget\" data-e-type=\"widget\" data-settings=\"{&quot;_animation&quot;:&quot;fadeIn&quot;}\" data-widget_type=\"text-editor.default\">\n\t\t\t\t<div class=\"elementor-widget-container\">\n\t\t\t\t\t\t\t\t\t<h3>Bas\u00e9e en Haute-Savoie\u00a0\u00a0<\/h3>\t\t\t\t\t\t\t\t<\/div>\n\t\t\t\t<\/div>\n\t\t\t\t<\/div>\n\t\t\t\t\t<\/div>\n\t\t\t\t<\/div>\n\t\t<div class=\"elementor-element elementor-element-9dab890 e-flex e-con-boxed e-con e-parent\" data-id=\"9dab890\" data-element_type=\"container\" data-e-type=\"container\">\n\t\t\t\t\t<div class=\"e-con-inner\">\n\t\t<div class=\"elementor-element elementor-element-aeb35e0 e-con-full e-flex e-con e-child\" data-id=\"aeb35e0\" data-element_type=\"container\" data-e-type=\"container\">\n\t\t\t\t<div class=\"elementor-element elementor-element-16cde83 elementor-widget__width-initial elementor-widget elementor-widget-image\" data-id=\"16cde83\" data-element_type=\"widget\" data-e-type=\"widget\" data-widget_type=\"image.default\">\n\t\t\t\t<div class=\"elementor-widget-container\">\n\t\t\t\t\t\t\t\t\t\t\t\t<figure class=\"wp-caption\">\n\t\t\t\t\t\t\t\t\t\t\t<a href=\"https:\/\/adelinegestion.com\/index.php\/prestations_amo_tma_\/\">\n\t\t\t\t\t\t\t<img decoding=\"async\" width=\"1024\" height=\"512\" src=\"https:\/\/adelinegestion.com\/wp-content\/uploads\/2024\/01\/cle-plans-1024x512.jpg\" class=\"attachment-large size-large wp-image-450\" alt=\"illustration-plan-habitation-avec-clefs\" srcset=\"https:\/\/adelinegestion.com\/wp-content\/uploads\/2024\/01\/cle-plans-1024x512.jpg 1024w, https:\/\/adelinegestion.com\/wp-content\/uploads\/2024\/01\/cle-plans-300x150.jpg 300w, https:\/\/adelinegestion.com\/wp-content\/uploads\/2024\/01\/cle-plans-768x384.jpg 768w, https:\/\/adelinegestion.com\/wp-content\/uploads\/2024\/01\/cle-plans-1536x768.jpg 1536w, https:\/\/adelinegestion.com\/wp-content\/uploads\/2024\/01\/cle-plans-2048x1024.jpg 2048w\" sizes=\"(max-width: 1024px) 100vw, 1024px\" \/>\t\t\t\t\t\t\t\t<\/a>\n\t\t\t\t\t\t\t\t\t\t\t<figcaption class=\"widget-image-caption wp-caption-text\"><\/figcaption>\n\t\t\t\t\t\t\t\t\t\t<\/figure>\n\t\t\t\t\t\t\t\t\t<\/div>\n\t\t\t\t<\/div>\n\t\t\t\t<div class=\"elementor-element elementor-element-148b08f elementor-widget__width-initial bleu elementor-widget elementor-widget-text-editor\" data-id=\"148b08f\" data-element_type=\"widget\" data-e-type=\"widget\" data-settings=\"{&quot;_animation&quot;:&quot;none&quot;}\" data-widget_type=\"text-editor.default\">\n\t\t\t\t<div class=\"elementor-widget-container\">\n\t\t\t\t\t\t\t\t\t<h2><strong>Assistance \u00e0 la Ma\u00eetrise d&#8217;ouvrage <br \/>en promotion immobili\u00e8re<\/strong><\/h2>\t\t\t\t\t\t\t\t<\/div>\n\t\t\t\t<\/div>\n\t\t\t\t<div class=\"elementor-element elementor-element-37eb42a elementor-align-center elementor-widget elementor-widget-button\" data-id=\"37eb42a\" data-element_type=\"widget\" data-e-type=\"widget\" data-widget_type=\"button.default\">\n\t\t\t\t<div class=\"elementor-widget-container\">\n\t\t\t\t\t\t\t\t\t<div class=\"elementor-button-wrapper\">\n\t\t\t\t\t<a class=\"elementor-button elementor-button-link elementor-size-sm\" href=\"https:\/\/adelinegestion.com\/index.php\/prestations_amo_tma_\/\">\n\t\t\t\t\t\t<span class=\"elementor-button-content-wrapper\">\n\t\t\t\t\t\t\t\t\t<span class=\"elementor-button-text\">Plus d'infos <\/span>\n\t\t\t\t\t<\/span>\n\t\t\t\t\t<\/a>\n\t\t\t\t<\/div>\n\t\t\t\t\t\t\t\t<\/div>\n\t\t\t\t<\/div>\n\t\t\t\t<div class=\"elementor-element elementor-element-53282bd elementor-widget elementor-widget-text-editor\" data-id=\"53282bd\" data-element_type=\"widget\" data-e-type=\"widget\" data-widget_type=\"text-editor.default\">\n\t\t\t\t<div class=\"elementor-widget-container\">\n\t\t\t\t\t\t\t\t\t<ul><li>Suivi de client\u00e8le<\/li><li>Gestion des TMA (Travaux Modificatifs des Acqu\u00e9reurs)<\/li><li>Gestion des choix de personnalisation<\/li><li>Visite &#8220;cloisons&#8221;<\/li><li>Op\u00e9rations de pr\u00e9-livraison<\/li><li>Remise des cl\u00e9s aux acqu\u00e9reurs<\/li><li>SAV et gestion de la Garantie de Parfait Ach\u00e8vement<\/li><\/ul>\t\t\t\t\t\t\t\t<\/div>\n\t\t\t\t<\/div>\n\t\t\t\t<\/div>\n\t\t<div class=\"elementor-element elementor-element-a6044b2 e-con-full e-flex e-con e-child\" data-id=\"a6044b2\" data-element_type=\"container\" data-e-type=\"container\">\n\t\t\t\t<div class=\"elementor-element elementor-element-c801ad3 elementor-widget elementor-widget-image\" data-id=\"c801ad3\" data-element_type=\"widget\" data-e-type=\"widget\" data-widget_type=\"image.default\">\n\t\t\t\t<div class=\"elementor-widget-container\">\n\t\t\t\t\t\t\t\t\t\t\t\t\t\t\t\t<a href=\"https:\/\/adelinegestion.com\/index.php\/prestations_gestion_secretariat_pme\/\">\n\t\t\t\t\t\t\t<img decoding=\"async\" width=\"1024\" height=\"512\" src=\"https:\/\/adelinegestion.com\/wp-content\/uploads\/2024\/01\/stablio-couleur-1024x512.jpg\" class=\"attachment-large size-large wp-image-451\" alt=\"illustration-stabilo-couleur-orange\" srcset=\"https:\/\/adelinegestion.com\/wp-content\/uploads\/2024\/01\/stablio-couleur-1024x512.jpg 1024w, https:\/\/adelinegestion.com\/wp-content\/uploads\/2024\/01\/stablio-couleur-300x150.jpg 300w, https:\/\/adelinegestion.com\/wp-content\/uploads\/2024\/01\/stablio-couleur-768x384.jpg 768w, https:\/\/adelinegestion.com\/wp-content\/uploads\/2024\/01\/stablio-couleur-1536x768.jpg 1536w, https:\/\/adelinegestion.com\/wp-content\/uploads\/2024\/01\/stablio-couleur-2048x1024.jpg 2048w\" sizes=\"(max-width: 1024px) 100vw, 1024px\" \/>\t\t\t\t\t\t\t\t<\/a>\n\t\t\t\t\t\t\t\t\t\t\t\t\t\t\t<\/div>\n\t\t\t\t<\/div>\n\t\t\t\t<div class=\"elementor-element elementor-element-4f02154 elementor-widget elementor-widget-text-editor\" data-id=\"4f02154\" data-element_type=\"widget\" data-e-type=\"widget\" data-widget_type=\"text-editor.default\">\n\t\t\t\t<div class=\"elementor-widget-container\">\n\t\t\t\t\t\t\t\t\t<h2><strong>Assistance de gestion pour les PME <br \/>(administrative, commerciale et comptable)<\/strong><\/h2>\t\t\t\t\t\t\t\t<\/div>\n\t\t\t\t<\/div>\n\t\t\t\t<div class=\"elementor-element elementor-element-948220b elementor-widget elementor-widget-text-editor\" data-id=\"948220b\" data-element_type=\"widget\" data-e-type=\"widget\" data-widget_type=\"text-editor.default\">\n\t\t\t\t<div class=\"elementor-widget-container\">\n\t\t\t\t\t\t\t\t\t<ul><li>Secr\u00e9tariat,<\/li><li style=\"font-size: 18px;\">Facturation, devis,\u00a0<\/li><li>Comptabilit\u00e9 (achats, ventes, encaissements),<\/li><li>Situation de travaux,<\/li><li>Suivi financier,<\/li><li>Appels d&#8217;offres,<\/li><li>Relances et contentieux<\/li><\/ul>\t\t\t\t\t\t\t\t<\/div>\n\t\t\t\t<\/div>\n\t\t\t\t<div class=\"elementor-element elementor-element-1d8be2e elementor-align-center elementor-widget elementor-widget-button\" data-id=\"1d8be2e\" data-element_type=\"widget\" data-e-type=\"widget\" data-widget_type=\"button.default\">\n\t\t\t\t<div class=\"elementor-widget-container\">\n\t\t\t\t\t\t\t\t\t<div class=\"elementor-button-wrapper\">\n\t\t\t\t\t<a class=\"elementor-button elementor-button-link elementor-size-sm\" href=\"https:\/\/adelinegestion.com\/index.php\/prestations_gestion_secretariat_pme\/\">\n\t\t\t\t\t\t<span class=\"elementor-button-content-wrapper\">\n\t\t\t\t\t\t\t\t\t<span class=\"elementor-button-text\">Plus d'infos <\/span>\n\t\t\t\t\t<\/span>\n\t\t\t\t\t<\/a>\n\t\t\t\t<\/div>\n\t\t\t\t\t\t\t\t<\/div>\n\t\t\t\t<\/div>\n\t\t\t\t<\/div>\n\t\t\t\t\t<\/div>\n\t\t\t\t<\/div>\n\t\t\t\t<\/div>\n\t\t","protected":false},"excerpt":{"rendered":"<p>Assistance Ma\u00eetrise d&#8217;Ouvrage en promotion immobili\u00e8re Assistance de gestion pour les P.M.E. Gestion commerciale, administrative et comptable. Animations des r\u00e9seaux et pr\u00e9sence web\u00a0 Bas\u00e9e en Haute-Savoie\u00a0\u00a0 Assistance \u00e0 la Ma\u00eetrise d&#8217;ouvrage en promotion immobili\u00e8re Plus d&#8217;infos Suivi de client\u00e8le Gestion des TMA (Travaux Modificatifs des Acqu\u00e9reurs) Gestion des choix de personnalisation Visite &#8220;cloisons&#8221; Op\u00e9rations de [&hellip;]<\/p>\n","protected":false},"author":1,"featured_media":0,"parent":0,"menu_order":0,"comment_status":"closed","ping_status":"closed","template":"elementor_header_footer","meta":{"footnotes":""},"class_list":["post-23","page","type-page","status-publish","hentry","entry"],"yoast_head":"<!-- This site is optimized with the Yoast SEO plugin v27.5 - https:\/\/yoast.com\/product\/yoast-seo-wordpress\/ -->\n<title>Assistante de gestion ind\u00e9pendante en Haute Savoie<\/title>\n<meta name=\"description\" content=\"D\u00e9bordez avec vos papiers ? Confiez-moi leur gestion et reconcentrez vous sur votre m\u00e9tier. Je m&#039;adapte \u00e0 vos besoins.\" \/>\n<meta name=\"robots\" content=\"index, follow, max-snippet:-1, max-image-preview:large, max-video-preview:-1\" \/>\n<link rel=\"canonical\" href=\"https:\/\/adelinegestion.com\/\" \/>\n<meta property=\"og:locale\" content=\"en_US\" \/>\n<meta property=\"og:type\" content=\"article\" \/>\n<meta property=\"og:title\" content=\"Assistante de gestion ind\u00e9pendante en Haute Savoie\" \/>\n<meta property=\"og:description\" content=\"D\u00e9bordez avec vos papiers ? Confiez-moi leur gestion et reconcentrez vous sur votre m\u00e9tier. Je m&#039;adapte \u00e0 vos besoins.\" \/>\n<meta property=\"og:url\" content=\"https:\/\/adelinegestion.com\/\" \/>\n<meta property=\"article:modified_time\" content=\"2026-03-17T10:43:17+00:00\" \/>\n<meta property=\"og:image\" content=\"https:\/\/adelinegestion.com\/wp-content\/uploads\/2024\/01\/Gold-Luxury-Initial-Circle-Logo-1.png\" \/>\n\t<meta property=\"og:image:width\" content=\"1563\" \/>\n\t<meta property=\"og:image:height\" content=\"1563\" \/>\n\t<meta property=\"og:image:type\" content=\"image\/png\" \/>\n<meta name=\"twitter:card\" content=\"summary_large_image\" \/>\n<meta name=\"twitter:label1\" content=\"Est. reading time\" \/>\n\t<meta name=\"twitter:data1\" content=\"2 minutes\" \/>\n<script type=\"application\/ld+json\" class=\"yoast-schema-graph\">{\"@context\":\"https:\\\/\\\/schema.org\",\"@graph\":[{\"@type\":\"WebPage\",\"@id\":\"https:\\\/\\\/adelinegestion.com\\\/\",\"url\":\"https:\\\/\\\/adelinegestion.com\\\/\",\"name\":\"Assistante de gestion ind\u00e9pendante en Haute Savoie\",\"isPartOf\":{\"@id\":\"https:\\\/\\\/adelinegestion.com\\\/#website\"},\"primaryImageOfPage\":{\"@id\":\"https:\\\/\\\/adelinegestion.com\\\/#primaryimage\"},\"image\":{\"@id\":\"https:\\\/\\\/adelinegestion.com\\\/#primaryimage\"},\"thumbnailUrl\":\"https:\\\/\\\/adelinegestion.com\\\/wp-content\\\/uploads\\\/2024\\\/01\\\/Gold-Luxury-Initial-Circle-Logo-1-1024x1024.png\",\"datePublished\":\"2024-01-08T14:23:42+00:00\",\"dateModified\":\"2026-03-17T10:43:17+00:00\",\"description\":\"D\u00e9bordez avec vos papiers ? Confiez-moi leur gestion et reconcentrez vous sur votre m\u00e9tier. Je m'adapte \u00e0 vos besoins.\",\"breadcrumb\":{\"@id\":\"https:\\\/\\\/adelinegestion.com\\\/#breadcrumb\"},\"inLanguage\":\"en-US\",\"potentialAction\":[{\"@type\":\"ReadAction\",\"target\":[\"https:\\\/\\\/adelinegestion.com\\\/\"]}]},{\"@type\":\"ImageObject\",\"inLanguage\":\"en-US\",\"@id\":\"https:\\\/\\\/adelinegestion.com\\\/#primaryimage\",\"url\":\"https:\\\/\\\/adelinegestion.com\\\/wp-content\\\/uploads\\\/2024\\\/01\\\/Gold-Luxury-Initial-Circle-Logo-1.png\",\"contentUrl\":\"https:\\\/\\\/adelinegestion.com\\\/wp-content\\\/uploads\\\/2024\\\/01\\\/Gold-Luxury-Initial-Circle-Logo-1.png\",\"width\":1563,\"height\":1563,\"caption\":\"logo-site-adeline-gestion-avec-serif\"},{\"@type\":\"BreadcrumbList\",\"@id\":\"https:\\\/\\\/adelinegestion.com\\\/#breadcrumb\",\"itemListElement\":[{\"@type\":\"ListItem\",\"position\":1,\"name\":\"Accueil\",\"item\":\"https:\\\/\\\/adelinegestion.com\\\/\"},{\"@type\":\"ListItem\",\"position\":2,\"name\":\"Accueil\"}]},{\"@type\":\"WebSite\",\"@id\":\"https:\\\/\\\/adelinegestion.com\\\/#website\",\"url\":\"https:\\\/\\\/adelinegestion.com\\\/\",\"name\":\"\",\"description\":\"\",\"potentialAction\":[{\"@type\":\"SearchAction\",\"target\":{\"@type\":\"EntryPoint\",\"urlTemplate\":\"https:\\\/\\\/adelinegestion.com\\\/?s={search_term_string}\"},\"query-input\":{\"@type\":\"PropertyValueSpecification\",\"valueRequired\":true,\"valueName\":\"search_term_string\"}}],\"inLanguage\":\"en-US\"}]}<\/script>\n<!-- \/ Yoast SEO plugin. -->","yoast_head_json":{"title":"Assistante de gestion ind\u00e9pendante en Haute Savoie","description":"D\u00e9bordez avec vos papiers ? Confiez-moi leur gestion et reconcentrez vous sur votre m\u00e9tier. Je m'adapte \u00e0 vos besoins.","robots":{"index":"index","follow":"follow","max-snippet":"max-snippet:-1","max-image-preview":"max-image-preview:large","max-video-preview":"max-video-preview:-1"},"canonical":"https:\/\/adelinegestion.com\/","og_locale":"en_US","og_type":"article","og_title":"Assistante de gestion ind\u00e9pendante en Haute Savoie","og_description":"D\u00e9bordez avec vos papiers ? Confiez-moi leur gestion et reconcentrez vous sur votre m\u00e9tier. Je m'adapte \u00e0 vos besoins.","og_url":"https:\/\/adelinegestion.com\/","article_modified_time":"2026-03-17T10:43:17+00:00","og_image":[{"width":1563,"height":1563,"url":"https:\/\/adelinegestion.com\/wp-content\/uploads\/2024\/01\/Gold-Luxury-Initial-Circle-Logo-1.png","type":"image\/png"}],"twitter_card":"summary_large_image","twitter_misc":{"Est. reading time":"2 minutes"},"schema":{"@context":"https:\/\/schema.org","@graph":[{"@type":"WebPage","@id":"https:\/\/adelinegestion.com\/","url":"https:\/\/adelinegestion.com\/","name":"Assistante de gestion ind\u00e9pendante en Haute Savoie","isPartOf":{"@id":"https:\/\/adelinegestion.com\/#website"},"primaryImageOfPage":{"@id":"https:\/\/adelinegestion.com\/#primaryimage"},"image":{"@id":"https:\/\/adelinegestion.com\/#primaryimage"},"thumbnailUrl":"https:\/\/adelinegestion.com\/wp-content\/uploads\/2024\/01\/Gold-Luxury-Initial-Circle-Logo-1-1024x1024.png","datePublished":"2024-01-08T14:23:42+00:00","dateModified":"2026-03-17T10:43:17+00:00","description":"D\u00e9bordez avec vos papiers ? Confiez-moi leur gestion et reconcentrez vous sur votre m\u00e9tier. Je m'adapte \u00e0 vos besoins.","breadcrumb":{"@id":"https:\/\/adelinegestion.com\/#breadcrumb"},"inLanguage":"en-US","potentialAction":[{"@type":"ReadAction","target":["https:\/\/adelinegestion.com\/"]}]},{"@type":"ImageObject","inLanguage":"en-US","@id":"https:\/\/adelinegestion.com\/#primaryimage","url":"https:\/\/adelinegestion.com\/wp-content\/uploads\/2024\/01\/Gold-Luxury-Initial-Circle-Logo-1.png","contentUrl":"https:\/\/adelinegestion.com\/wp-content\/uploads\/2024\/01\/Gold-Luxury-Initial-Circle-Logo-1.png","width":1563,"height":1563,"caption":"logo-site-adeline-gestion-avec-serif"},{"@type":"BreadcrumbList","@id":"https:\/\/adelinegestion.com\/#breadcrumb","itemListElement":[{"@type":"ListItem","position":1,"name":"Accueil","item":"https:\/\/adelinegestion.com\/"},{"@type":"ListItem","position":2,"name":"Accueil"}]},{"@type":"WebSite","@id":"https:\/\/adelinegestion.com\/#website","url":"https:\/\/adelinegestion.com\/","name":"","description":"","potentialAction":[{"@type":"SearchAction","target":{"@type":"EntryPoint","urlTemplate":"https:\/\/adelinegestion.com\/?s={search_term_string}"},"query-input":{"@type":"PropertyValueSpecification","valueRequired":true,"valueName":"search_term_string"}}],"inLanguage":"en-US"}]}},"_links":{"self":[{"href":"https:\/\/adelinegestion.com\/index.php\/wp-json\/wp\/v2\/pages\/23","targetHints":{"allow":["GET"]}}],"collection":[{"href":"https:\/\/adelinegestion.com\/index.php\/wp-json\/wp\/v2\/pages"}],"about":[{"href":"https:\/\/adelinegestion.com\/index.php\/wp-json\/wp\/v2\/types\/page"}],"author":[{"embeddable":true,"href":"https:\/\/adelinegestion.com\/index.php\/wp-json\/wp\/v2\/users\/1"}],"replies":[{"embeddable":true,"href":"https:\/\/adelinegestion.com\/index.php\/wp-json\/wp\/v2\/comments?post=23"}],"version-history":[{"count":154,"href":"https:\/\/adelinegestion.com\/index.php\/wp-json\/wp\/v2\/pages\/23\/revisions"}],"predecessor-version":[{"id":856,"href":"https:\/\/adelinegestion.com\/index.php\/wp-json\/wp\/v2\/pages\/23\/revisions\/856"}],"wp:attachment":[{"href":"https:\/\/adelinegestion.com\/index.php\/wp-json\/wp\/v2\/media?parent=23"}],"curies":[{"name":"wp","href":"https:\/\/api.w.org\/{rel}","templated":true}]}}