{"id":196,"date":"2024-01-10T17:02:14","date_gmt":"2024-01-10T16:02:14","guid":{"rendered":"https:\/\/adelinegestion.com\/?page_id=196"},"modified":"2024-02-05T11:15:49","modified_gmt":"2024-02-05T10:15:49","slug":"contact","status":"publish","type":"page","link":"https:\/\/adelinegestion.com\/index.php\/contact\/","title":{"rendered":"Contact"},"content":{"rendered":"\t\t<div data-elementor-type=\"wp-page\" data-elementor-id=\"196\" class=\"elementor elementor-196\">\n\t\t\t\t<div class=\"elementor-element elementor-element-a6f33c3 e-flex e-con-boxed e-con e-parent\" data-id=\"a6f33c3\" data-element_type=\"container\" data-e-type=\"container\" data-settings=\"{&quot;background_background&quot;:&quot;classic&quot;}\">\n\t\t\t\t\t<div class=\"e-con-inner\">\n\t\t<div class=\"elementor-element elementor-element-481a393 e-con-full e-flex e-con e-child\" data-id=\"481a393\" data-element_type=\"container\" data-e-type=\"container\">\n\t\t\t\t<div class=\"elementor-element elementor-element-95efe1f elementor-widget__width-initial elementor-widget elementor-widget-image\" data-id=\"95efe1f\" data-element_type=\"widget\" data-e-type=\"widget\" data-widget_type=\"image.default\">\n\t\t\t\t<div class=\"elementor-widget-container\">\n\t\t\t\t\t\t\t\t\t\t\t\t\t\t\t<img fetchpriority=\"high\" decoding=\"async\" width=\"1024\" height=\"1024\" src=\"https:\/\/adelinegestion.com\/wp-content\/uploads\/2024\/01\/Gold-Luxury-Initial-Circle-Logo-1-1024x1024.png\" class=\"attachment-large size-large wp-image-314\" alt=\"logo-site-adeline-gestion-avec-serif\" srcset=\"https:\/\/adelinegestion.com\/wp-content\/uploads\/2024\/01\/Gold-Luxury-Initial-Circle-Logo-1-1024x1024.png 1024w, https:\/\/adelinegestion.com\/wp-content\/uploads\/2024\/01\/Gold-Luxury-Initial-Circle-Logo-1-300x300.png 300w, https:\/\/adelinegestion.com\/wp-content\/uploads\/2024\/01\/Gold-Luxury-Initial-Circle-Logo-1-150x150.png 150w, https:\/\/adelinegestion.com\/wp-content\/uploads\/2024\/01\/Gold-Luxury-Initial-Circle-Logo-1-768x768.png 768w, https:\/\/adelinegestion.com\/wp-content\/uploads\/2024\/01\/Gold-Luxury-Initial-Circle-Logo-1-1536x1536.png 1536w, https:\/\/adelinegestion.com\/wp-content\/uploads\/2024\/01\/Gold-Luxury-Initial-Circle-Logo-1-600x600.png 600w, https:\/\/adelinegestion.com\/wp-content\/uploads\/2024\/01\/Gold-Luxury-Initial-Circle-Logo-1.png 1563w\" sizes=\"(max-width: 1024px) 100vw, 1024px\" \/>\t\t\t\t\t\t\t\t\t\t\t\t\t\t\t<\/div>\n\t\t\t\t<\/div>\n\t\t\t\t<\/div>\n\t\t<div class=\"elementor-element elementor-element-df269e9 e-con-full e-flex e-con e-child\" data-id=\"df269e9\" data-element_type=\"container\" data-e-type=\"container\">\n\t\t\t\t<div class=\"elementor-element elementor-element-9db4983 elementor-align-center elementor-icon-list--layout-traditional elementor-list-item-link-full_width elementor-widget elementor-widget-icon-list\" data-id=\"9db4983\" data-element_type=\"widget\" data-e-type=\"widget\" data-widget_type=\"icon-list.default\">\n\t\t\t\t<div class=\"elementor-widget-container\">\n\t\t\t\t\t\t\t<ul class=\"elementor-icon-list-items\">\n\t\t\t\t\t\t\t<li class=\"elementor-icon-list-item\">\n\t\t\t\t\t\t\t\t\t\t\t<span class=\"elementor-icon-list-icon\">\n\t\t\t\t\t\t\t<svg aria-hidden=\"true\" class=\"e-font-icon-svg e-fas-phone\" viewBox=\"0 0 512 512\" xmlns=\"http:\/\/www.w3.org\/2000\/svg\"><path d=\"M493.4 24.6l-104-24c-11.3-2.6-22.9 3.3-27.5 13.9l-48 112c-4.2 9.8-1.4 21.3 6.9 28l60.6 49.6c-36 76.7-98.9 140.5-177.2 177.2l-49.6-60.6c-6.8-8.3-18.2-11.1-28-6.9l-112 48C3.9 366.5-2 378.1.6 389.4l24 104C27.1 504.2 36.7 512 48 512c256.1 0 464-207.5 464-464 0-11.2-7.7-20.9-18.6-23.4z\"><\/path><\/svg>\t\t\t\t\t\t<\/span>\n\t\t\t\t\t\t\t\t\t\t<span class=\"elementor-icon-list-text\">+ 33(0)6 51 75 68 52<\/span>\n\t\t\t\t\t\t\t\t\t<\/li>\n\t\t\t\t\t\t\t\t<li class=\"elementor-icon-list-item\">\n\t\t\t\t\t\t\t\t\t\t\t<span class=\"elementor-icon-list-icon\">\n\t\t\t\t\t\t\t<svg aria-hidden=\"true\" class=\"e-font-icon-svg e-fas-mail-bulk\" viewBox=\"0 0 576 512\" xmlns=\"http:\/\/www.w3.org\/2000\/svg\"><path d=\"M160 448c-25.6 0-51.2-22.4-64-32-64-44.8-83.2-60.8-96-70.4V480c0 17.67 14.33 32 32 32h256c17.67 0 32-14.33 32-32V345.6c-12.8 9.6-32 25.6-96 70.4-12.8 9.6-38.4 32-64 32zm128-192H32c-17.67 0-32 14.33-32 32v16c25.6 19.2 22.4 19.2 115.2 86.4 9.6 6.4 28.8 25.6 44.8 25.6s35.2-19.2 44.8-22.4c92.8-67.2 89.6-67.2 115.2-86.4V288c0-17.67-14.33-32-32-32zm256-96H224c-17.67 0-32 14.33-32 32v32h96c33.21 0 60.59 25.42 63.71 57.82l.29-.22V416h192c17.67 0 32-14.33 32-32V192c0-17.67-14.33-32-32-32zm-32 128h-64v-64h64v64zm-352-96c0-35.29 28.71-64 64-64h224V32c0-17.67-14.33-32-32-32H96C78.33 0 64 14.33 64 32v192h96v-32z\"><\/path><\/svg>\t\t\t\t\t\t<\/span>\n\t\t\t\t\t\t\t\t\t\t<span class=\"elementor-icon-list-text\">contact@adelinegestion.com<\/span>\n\t\t\t\t\t\t\t\t\t<\/li>\n\t\t\t\t\t\t<\/ul>\n\t\t\t\t\t\t<\/div>\n\t\t\t\t<\/div>\n\t\t\t\t<\/div>\n\t\t<div class=\"elementor-element elementor-element-c22640a e-con-full e-flex e-con e-child\" data-id=\"c22640a\" data-element_type=\"container\" data-e-type=\"container\">\n\t\t\t\t<div class=\"elementor-element elementor-element-33aa993 elementor-widget elementor-widget-heading\" data-id=\"33aa993\" data-element_type=\"widget\" data-e-type=\"widget\" data-widget_type=\"heading.default\">\n\t\t\t\t<div class=\"elementor-widget-container\">\n\t\t\t\t\t<h2 class=\"elementor-heading-title elementor-size-default\">Formulaire de contact<\/h2>\t\t\t\t<\/div>\n\t\t\t\t<\/div>\n\t\t\t\t<div class=\"elementor-element elementor-element-a1b5c6c elementor-widget elementor-widget-formidable\" data-id=\"a1b5c6c\" data-element_type=\"widget\" data-e-type=\"widget\" data-widget_type=\"formidable.default\">\n\t\t\t\t<div class=\"elementor-widget-container\">\n\t\t\t\t\t<div class=\"frm_forms  with_frm_style frm_style_style-formidable\" id=\"frm_form_2_container\" data-token=\"0e4393768227cf59dfc1ea76773bee1e\">\n<form enctype=\"multipart\/form-data\" method=\"post\" class=\"frm-show-form \" id=\"form_pi049\" data-token=\"0e4393768227cf59dfc1ea76773bee1e\">\n<div class=\"frm_form_fields \">\n<fieldset>\n<legend class=\"frm_screen_reader\">Formulaire de contact<\/legend>\r\n\r\n<div class=\"frm_fields_container\">\n<input type=\"hidden\" name=\"frm_action\" value=\"create\" \/>\n<input type=\"hidden\" name=\"form_id\" value=\"2\" \/>\n<input type=\"hidden\" name=\"frm_hide_fields_2\" id=\"frm_hide_fields_2\" value=\"\" \/>\n<input type=\"hidden\" name=\"form_key\" value=\"pi049\" \/>\n<input type=\"hidden\" name=\"item_meta[0]\" value=\"\" \/>\n<input type=\"hidden\" id=\"frm_submit_entry_2\" name=\"frm_submit_entry_2\" value=\"8916984d5b\" \/><input type=\"hidden\" name=\"_wp_http_referer\" value=\"\/index.php\/wp-json\/wp\/v2\/pages\/196\" \/><div id=\"frm_field_7_container\" class=\"frm_form_field form-field  frm_required_field frm_none_container frm12 frm_half frm12 frm_first\">\r\n    <label for=\"field_v8lwp\" id=\"field_v8lwp_label\" class=\"frm_primary_label\">Nom et pr\u00e9nom\r\n        <span class=\"frm_required\" aria-hidden=\"true\">*<\/span>\r\n    <\/label>\r\n    <input type=\"text\" id=\"field_v8lwp\" name=\"item_meta[7]\" value=\"\"  placeholder=\"Nom et pr\u00e9nom\" data-reqmsg=\"Ce champ ne peut pas \u00eatre vide\" aria-required=\"true\" data-invmsg=\"texte est non valide\" aria-invalid=\"false\"  \/>\r\n    \r\n    \r\n<\/div>\n<div id=\"frm_field_10_container\" class=\"frm_form_field form-field  frm_none_container frm12 frm12 frm_first\">\r\n    <label for=\"field_lnr1c\" id=\"field_lnr1c_label\" class=\"frm_primary_label\">Entreprise\r\n        <span class=\"frm_required\" aria-hidden=\"true\"><\/span>\r\n    <\/label>\r\n    <input type=\"text\" id=\"field_lnr1c\" name=\"item_meta[10]\" value=\"\"  placeholder=\"Entreprise\" data-invmsg=\"texte est non valide\" aria-invalid=\"false\"  \/>\r\n    \r\n    \r\n<\/div>\n<div id=\"frm_field_8_container\" class=\"frm_form_field form-field  frm_required_field frm_none_container frm12 frm12 frm_first\">\r\n    <label for=\"field_515sq\" id=\"field_515sq_label\" class=\"frm_primary_label\">Email\r\n        <span class=\"frm_required\" aria-hidden=\"true\">*<\/span>\r\n    <\/label>\r\n    <input type=\"email\" id=\"field_515sq\" name=\"item_meta[8]\" value=\"\"  placeholder=\"Email\" data-reqmsg=\"Ce champ ne peut pas \u00eatre vide\" aria-required=\"true\" data-invmsg=\"Email est non valide\" aria-invalid=\"false\"  \/>\r\n    \r\n    \r\n<\/div>\n<div id=\"frm_field_9_container\" class=\"frm_form_field form-field  frm_required_field frm_none_container frm12 frm12 frm_first\">\r\n    <label for=\"field_12f25\" id=\"field_12f25_label\" class=\"frm_primary_label\">Votre message\r\n        <span class=\"frm_required\" aria-hidden=\"true\">*<\/span>\r\n    <\/label>\r\n    <textarea name=\"item_meta[9]\" id=\"field_12f25\" rows=\"5\"  placeholder=\"Exprimez-moi votre demande...\" data-reqmsg=\"Ce champ ne peut pas \u00eatre vide\" aria-required=\"true\" data-invmsg=\"Votre message is invalid\" aria-invalid=\"false\"  ><\/textarea>\r\n    \r\n    \r\n<\/div>\n<div id=\"frm_field_11_container\" class=\"frm_form_field form-field \">\n\t<div class=\"frm_submit frm_flex\">\r\n<button class=\"frm_button_submit\" type=\"submit\"  >Envoyer le message<\/button>\r\n\r\n\r\n\r\n<\/div>\n<\/div>\n\t<input type=\"hidden\" name=\"item_key\" value=\"\" \/>\n\t\t\t<div id=\"frm_field_12_container\">\n\t\t\t<label for=\"field_f7fiz\" >\n\t\t\t\tIf you are human, leave this field blank.\t\t\t<\/label>\n\t\t\t<input  id=\"field_f7fiz\" type=\"text\" class=\"frm_form_field form-field frm_verify\" name=\"item_meta[12]\" value=\"\"  \/>\n\t\t<\/div>\n\t\t<input name=\"frm_state\" type=\"hidden\" value=\"shueLEsalRLbAQswiKr82WVTkew1ImA+fnatt77O2wI=\" \/><\/div>\n<\/fieldset>\n<\/div>\n\n<\/form>\n<\/div>\n\t\t\t\t<\/div>\n\t\t\t\t<\/div>\n\t\t\t\t<\/div>\n\t\t\t\t\t<\/div>\n\t\t\t\t<\/div>\n\t\t\t\t<\/div>\n\t\t","protected":false},"excerpt":{"rendered":"<p>+ 33(0)6 51 75 68 52 contact@adelinegestion.com Formulaire de contact Formulaire de contact Nom et pr\u00e9nom * Entreprise * Email * Votre message * Si vous \u00eates un humain, ne remplissez pas ce champ. Envoyer le message<\/p>\n","protected":false},"author":1,"featured_media":0,"parent":0,"menu_order":0,"comment_status":"closed","ping_status":"closed","template":"","meta":{"footnotes":""},"class_list":["post-196","page","type-page","status-publish","hentry","entry"],"yoast_head":"<!-- This site is optimized with the Yoast SEO plugin v27.4 - https:\/\/yoast.com\/product\/yoast-seo-wordpress\/ -->\n<title>Contact -<\/title>\n<meta name=\"description\" content=\"A votre service, exprimez-moi votre demande, je me ferai un plaisir de vous r\u00e9pondre de fa\u00e7on compl\u00e8te et rapide.\" \/>\n<meta name=\"robots\" content=\"index, follow, max-snippet:-1, max-image-preview:large, max-video-preview:-1\" \/>\n<link rel=\"canonical\" href=\"https:\/\/adelinegestion.com\/index.php\/contact\/\" \/>\n<meta property=\"og:locale\" content=\"en_US\" \/>\n<meta property=\"og:type\" content=\"article\" \/>\n<meta property=\"og:title\" content=\"Contact -\" \/>\n<meta property=\"og:description\" content=\"A votre service, exprimez-moi votre demande, je me ferai un plaisir de vous r\u00e9pondre de fa\u00e7on compl\u00e8te et rapide.\" \/>\n<meta property=\"og:url\" content=\"https:\/\/adelinegestion.com\/index.php\/contact\/\" \/>\n<meta property=\"article:modified_time\" content=\"2024-02-05T10:15:49+00:00\" \/>\n<meta property=\"og:image\" content=\"https:\/\/adelinegestion.com\/wp-content\/uploads\/2024\/01\/Gold-Luxury-Initial-Circle-Logo-1-1024x1024.png\" \/>\n<meta name=\"twitter:card\" content=\"summary_large_image\" \/>\n<meta name=\"twitter:label1\" content=\"Est. reading time\" \/>\n\t<meta name=\"twitter:data1\" content=\"1 minute\" \/>\n<script type=\"application\/ld+json\" class=\"yoast-schema-graph\">{\"@context\":\"https:\\\/\\\/schema.org\",\"@graph\":[{\"@type\":\"WebPage\",\"@id\":\"https:\\\/\\\/adelinegestion.com\\\/index.php\\\/contact\\\/\",\"url\":\"https:\\\/\\\/adelinegestion.com\\\/index.php\\\/contact\\\/\",\"name\":\"Contact -\",\"isPartOf\":{\"@id\":\"https:\\\/\\\/adelinegestion.com\\\/#website\"},\"primaryImageOfPage\":{\"@id\":\"https:\\\/\\\/adelinegestion.com\\\/index.php\\\/contact\\\/#primaryimage\"},\"image\":{\"@id\":\"https:\\\/\\\/adelinegestion.com\\\/index.php\\\/contact\\\/#primaryimage\"},\"thumbnailUrl\":\"https:\\\/\\\/adelinegestion.com\\\/wp-content\\\/uploads\\\/2024\\\/01\\\/Gold-Luxury-Initial-Circle-Logo-1-1024x1024.png\",\"datePublished\":\"2024-01-10T16:02:14+00:00\",\"dateModified\":\"2024-02-05T10:15:49+00:00\",\"description\":\"A votre service, exprimez-moi votre demande, je me ferai un plaisir de vous r\u00e9pondre de fa\u00e7on compl\u00e8te et rapide.\",\"breadcrumb\":{\"@id\":\"https:\\\/\\\/adelinegestion.com\\\/index.php\\\/contact\\\/#breadcrumb\"},\"inLanguage\":\"en-US\",\"potentialAction\":[{\"@type\":\"ReadAction\",\"target\":[\"https:\\\/\\\/adelinegestion.com\\\/index.php\\\/contact\\\/\"]}]},{\"@type\":\"ImageObject\",\"inLanguage\":\"en-US\",\"@id\":\"https:\\\/\\\/adelinegestion.com\\\/index.php\\\/contact\\\/#primaryimage\",\"url\":\"https:\\\/\\\/adelinegestion.com\\\/wp-content\\\/uploads\\\/2024\\\/01\\\/Gold-Luxury-Initial-Circle-Logo-1.png\",\"contentUrl\":\"https:\\\/\\\/adelinegestion.com\\\/wp-content\\\/uploads\\\/2024\\\/01\\\/Gold-Luxury-Initial-Circle-Logo-1.png\",\"width\":1563,\"height\":1563,\"caption\":\"logo-site-adeline-gestion-avec-serif\"},{\"@type\":\"BreadcrumbList\",\"@id\":\"https:\\\/\\\/adelinegestion.com\\\/index.php\\\/contact\\\/#breadcrumb\",\"itemListElement\":[{\"@type\":\"ListItem\",\"position\":1,\"name\":\"Accueil\",\"item\":\"https:\\\/\\\/adelinegestion.com\\\/\"},{\"@type\":\"ListItem\",\"position\":2,\"name\":\"Contact\"}]},{\"@type\":\"WebSite\",\"@id\":\"https:\\\/\\\/adelinegestion.com\\\/#website\",\"url\":\"https:\\\/\\\/adelinegestion.com\\\/\",\"name\":\"\",\"description\":\"\",\"potentialAction\":[{\"@type\":\"SearchAction\",\"target\":{\"@type\":\"EntryPoint\",\"urlTemplate\":\"https:\\\/\\\/adelinegestion.com\\\/?s={search_term_string}\"},\"query-input\":{\"@type\":\"PropertyValueSpecification\",\"valueRequired\":true,\"valueName\":\"search_term_string\"}}],\"inLanguage\":\"en-US\"}]}<\/script>\n<!-- \/ Yoast SEO plugin. -->","yoast_head_json":{"title":"Contact -","description":"A votre service, exprimez-moi votre demande, je me ferai un plaisir de vous r\u00e9pondre de fa\u00e7on compl\u00e8te et rapide.","robots":{"index":"index","follow":"follow","max-snippet":"max-snippet:-1","max-image-preview":"max-image-preview:large","max-video-preview":"max-video-preview:-1"},"canonical":"https:\/\/adelinegestion.com\/index.php\/contact\/","og_locale":"en_US","og_type":"article","og_title":"Contact -","og_description":"A votre service, exprimez-moi votre demande, je me ferai un plaisir de vous r\u00e9pondre de fa\u00e7on compl\u00e8te et rapide.","og_url":"https:\/\/adelinegestion.com\/index.php\/contact\/","article_modified_time":"2024-02-05T10:15:49+00:00","og_image":[{"url":"https:\/\/adelinegestion.com\/wp-content\/uploads\/2024\/01\/Gold-Luxury-Initial-Circle-Logo-1-1024x1024.png","type":"","width":"","height":""}],"twitter_card":"summary_large_image","twitter_misc":{"Est. reading time":"1 minute"},"schema":{"@context":"https:\/\/schema.org","@graph":[{"@type":"WebPage","@id":"https:\/\/adelinegestion.com\/index.php\/contact\/","url":"https:\/\/adelinegestion.com\/index.php\/contact\/","name":"Contact -","isPartOf":{"@id":"https:\/\/adelinegestion.com\/#website"},"primaryImageOfPage":{"@id":"https:\/\/adelinegestion.com\/index.php\/contact\/#primaryimage"},"image":{"@id":"https:\/\/adelinegestion.com\/index.php\/contact\/#primaryimage"},"thumbnailUrl":"https:\/\/adelinegestion.com\/wp-content\/uploads\/2024\/01\/Gold-Luxury-Initial-Circle-Logo-1-1024x1024.png","datePublished":"2024-01-10T16:02:14+00:00","dateModified":"2024-02-05T10:15:49+00:00","description":"A votre service, exprimez-moi votre demande, je me ferai un plaisir de vous r\u00e9pondre de fa\u00e7on compl\u00e8te et rapide.","breadcrumb":{"@id":"https:\/\/adelinegestion.com\/index.php\/contact\/#breadcrumb"},"inLanguage":"en-US","potentialAction":[{"@type":"ReadAction","target":["https:\/\/adelinegestion.com\/index.php\/contact\/"]}]},{"@type":"ImageObject","inLanguage":"en-US","@id":"https:\/\/adelinegestion.com\/index.php\/contact\/#primaryimage","url":"https:\/\/adelinegestion.com\/wp-content\/uploads\/2024\/01\/Gold-Luxury-Initial-Circle-Logo-1.png","contentUrl":"https:\/\/adelinegestion.com\/wp-content\/uploads\/2024\/01\/Gold-Luxury-Initial-Circle-Logo-1.png","width":1563,"height":1563,"caption":"logo-site-adeline-gestion-avec-serif"},{"@type":"BreadcrumbList","@id":"https:\/\/adelinegestion.com\/index.php\/contact\/#breadcrumb","itemListElement":[{"@type":"ListItem","position":1,"name":"Accueil","item":"https:\/\/adelinegestion.com\/"},{"@type":"ListItem","position":2,"name":"Contact"}]},{"@type":"WebSite","@id":"https:\/\/adelinegestion.com\/#website","url":"https:\/\/adelinegestion.com\/","name":"","description":"","potentialAction":[{"@type":"SearchAction","target":{"@type":"EntryPoint","urlTemplate":"https:\/\/adelinegestion.com\/?s={search_term_string}"},"query-input":{"@type":"PropertyValueSpecification","valueRequired":true,"valueName":"search_term_string"}}],"inLanguage":"en-US"}]}},"_links":{"self":[{"href":"https:\/\/adelinegestion.com\/index.php\/wp-json\/wp\/v2\/pages\/196","targetHints":{"allow":["GET"]}}],"collection":[{"href":"https:\/\/adelinegestion.com\/index.php\/wp-json\/wp\/v2\/pages"}],"about":[{"href":"https:\/\/adelinegestion.com\/index.php\/wp-json\/wp\/v2\/types\/page"}],"author":[{"embeddable":true,"href":"https:\/\/adelinegestion.com\/index.php\/wp-json\/wp\/v2\/users\/1"}],"replies":[{"embeddable":true,"href":"https:\/\/adelinegestion.com\/index.php\/wp-json\/wp\/v2\/comments?post=196"}],"version-history":[{"count":38,"href":"https:\/\/adelinegestion.com\/index.php\/wp-json\/wp\/v2\/pages\/196\/revisions"}],"predecessor-version":[{"id":594,"href":"https:\/\/adelinegestion.com\/index.php\/wp-json\/wp\/v2\/pages\/196\/revisions\/594"}],"wp:attachment":[{"href":"https:\/\/adelinegestion.com\/index.php\/wp-json\/wp\/v2\/media?parent=196"}],"curies":[{"name":"wp","href":"https:\/\/api.w.org\/{rel}","templated":true}]}}