{"id":157,"date":"2024-01-16T16:51:02","date_gmt":"2024-01-16T15:51:02","guid":{"rendered":"https:\/\/adelinegestion.com\/?page_id=157"},"modified":"2025-02-27T13:34:54","modified_gmt":"2025-02-27T12:34:54","slug":"prestations_gestion_secretariat_pme","status":"publish","type":"page","link":"https:\/\/adelinegestion.com\/index.php\/prestations_gestion_secretariat_pme\/","title":{"rendered":"Prestations Pour les PME"},"content":{"rendered":"\t\t<div data-elementor-type=\"wp-page\" data-elementor-id=\"157\" class=\"elementor elementor-157\">\n\t\t\t\t<div class=\"elementor-element elementor-element-6fb1098 e-flex e-con-boxed e-con e-parent\" data-id=\"6fb1098\" data-element_type=\"container\" data-e-type=\"container\">\n\t\t\t\t\t<div class=\"e-con-inner\">\n\t\t<div class=\"elementor-element elementor-element-3d2cc33 e-con-full e-flex e-con e-child\" data-id=\"3d2cc33\" data-element_type=\"container\" data-e-type=\"container\">\n\t\t\t\t<div class=\"elementor-element elementor-element-1091519 elementor-widget__width-initial elementor-widget elementor-widget-image\" data-id=\"1091519\" data-element_type=\"widget\" data-e-type=\"widget\" data-widget_type=\"image.default\">\n\t\t\t\t<div class=\"elementor-widget-container\">\n\t\t\t\t\t\t\t\t\t\t\t\t<figure class=\"wp-caption\">\n\t\t\t\t\t\t\t\t\t\t\t<a href=\"https:\/\/adelinegestion.com\">\n\t\t\t\t\t\t\t<img fetchpriority=\"high\" decoding=\"async\" width=\"1024\" height=\"1024\" src=\"https:\/\/adelinegestion.com\/wp-content\/uploads\/2024\/01\/Gold-Luxury-Initial-Circle-Logo-1-1024x1024.png\" class=\"attachment-large size-large wp-image-314\" alt=\"logo-site-adeline-gestion-avec-serif\" srcset=\"https:\/\/adelinegestion.com\/wp-content\/uploads\/2024\/01\/Gold-Luxury-Initial-Circle-Logo-1-1024x1024.png 1024w, https:\/\/adelinegestion.com\/wp-content\/uploads\/2024\/01\/Gold-Luxury-Initial-Circle-Logo-1-300x300.png 300w, https:\/\/adelinegestion.com\/wp-content\/uploads\/2024\/01\/Gold-Luxury-Initial-Circle-Logo-1-150x150.png 150w, https:\/\/adelinegestion.com\/wp-content\/uploads\/2024\/01\/Gold-Luxury-Initial-Circle-Logo-1-768x768.png 768w, https:\/\/adelinegestion.com\/wp-content\/uploads\/2024\/01\/Gold-Luxury-Initial-Circle-Logo-1-1536x1536.png 1536w, https:\/\/adelinegestion.com\/wp-content\/uploads\/2024\/01\/Gold-Luxury-Initial-Circle-Logo-1-600x600.png 600w, https:\/\/adelinegestion.com\/wp-content\/uploads\/2024\/01\/Gold-Luxury-Initial-Circle-Logo-1.png 1563w\" sizes=\"(max-width: 1024px) 100vw, 1024px\" \/>\t\t\t\t\t\t\t\t<\/a>\n\t\t\t\t\t\t\t\t\t\t\t<figcaption class=\"widget-image-caption wp-caption-text\"><\/figcaption>\n\t\t\t\t\t\t\t\t\t\t<\/figure>\n\t\t\t\t\t\t\t\t\t<\/div>\n\t\t\t\t<\/div>\n\t\t\t\t<\/div>\n\t\t<div class=\"elementor-element elementor-element-6e0bb07 e-con-full e-flex e-con e-child\" data-id=\"6e0bb07\" data-element_type=\"container\" data-e-type=\"container\">\n\t\t\t\t<div class=\"elementor-element elementor-element-5ddb33a elementor-widget elementor-widget-text-editor\" data-id=\"5ddb33a\" data-element_type=\"widget\" data-e-type=\"widget\" data-widget_type=\"text-editor.default\">\n\t\t\t\t<div class=\"elementor-widget-container\">\n\t\t\t\t\t\t\t\t\t<p><strong>Retrouvez le coeur de votre m\u00e9tier en d\u00e9l\u00e9guant &#8220;les papiers&#8221;<br \/><\/strong>Vous n&#8217;arrivez plus \u00e0 g\u00e9rer &#8220;la paperasse&#8221; g\u00e9n\u00e9r\u00e9e votre activit\u00e9 mais son volume reste insuffisant pour envisager une embauche.<\/p><p>Faire appel \u00e0 une assistante de gestion de fa\u00e7on ponctuelle ou r\u00e9guli\u00e8re est LA solution et elle pr\u00e9sente de nombreux avantages :<\/p><p>C&#8217;est simple, flexible, cela vous laisse libre et vous ma\u00eetriser votre budget.<\/p>\t\t\t\t\t\t\t\t<\/div>\n\t\t\t\t<\/div>\n\t\t\t\t<\/div>\n\t\t\t\t\t<\/div>\n\t\t\t\t<\/div>\n\t\t<div class=\"elementor-element elementor-element-3816051 e-flex e-con-boxed e-con e-parent\" data-id=\"3816051\" data-element_type=\"container\" data-e-type=\"container\">\n\t\t\t\t\t<div class=\"e-con-inner\">\n\t\t\t\t<div class=\"elementor-element elementor-element-fea9b49 elementor-widget elementor-widget-heading\" data-id=\"fea9b49\" data-element_type=\"widget\" data-e-type=\"widget\" data-widget_type=\"heading.default\">\n\t\t\t\t<div class=\"elementor-widget-container\">\n\t\t\t\t\t<h2 class=\"elementor-heading-title elementor-size-default\">Je suis votre assistante \"couteau suisse\" <\/h2>\t\t\t\t<\/div>\n\t\t\t\t<\/div>\n\t\t\t\t\t<\/div>\n\t\t\t\t<\/div>\n\t\t<div class=\"elementor-element elementor-element-0bd732c e-flex e-con-boxed e-con e-parent\" data-id=\"0bd732c\" data-element_type=\"container\" data-e-type=\"container\">\n\t\t\t\t\t<div class=\"e-con-inner\">\n\t\t\t\t<div class=\"elementor-element elementor-element-496eb0a elementor-widget elementor-widget-text-editor\" data-id=\"496eb0a\" data-element_type=\"widget\" data-e-type=\"widget\" data-widget_type=\"text-editor.default\">\n\t\t\t\t<div class=\"elementor-widget-container\">\n\t\t\t\t\t\t\t\t\t<ul><li><h2>Finie la paperasse en retard !<\/h2><\/li><\/ul><p>Devis,\u00a0 facturation, courrier, classement<br \/>Transmission des pi\u00e8ces comptables,\u00a0\u00a0<br \/>Dans le BTP : situations de travaux, gestion et contr\u00f4le des RG, CP et CIE,<br \/>Pointage et r\u00e9vision de compte, pr\u00e9paration du bilan avec l&#8217;expert comptable,<br \/>Gestion de client\u00e8le (CRM),<br \/>Cr\u00e9ations graphiques pour am\u00e9liorer l&#8217;image de l&#8217;entreprise : plaquettes, affiches, brochures<br \/>Pr\u00e9sence Web, animations de vos r\u00e9seaux.<\/p><ul><li><h2>R\u00e9cup\u00e9rer et ma\u00eetriser sa tr\u00e9sorerie<\/h2><\/li><\/ul><p>Calcul de votre besoin de tr\u00e9sorerie,<br \/>Elaboration de tableau de gestion et anticipation\u00a0des d\u00e9penses fixes et variables,<br \/>R\u00e9vision des contrats d\u2019abonnements et des contrats d\u2019assurances apr\u00e8s \u00e9tude de vos besoins r\u00e9els,<br \/>Encaisser plus rapidement : relance amiable, mise en demeure et proc\u00e9dure de recouvrement.<\/p><ul><li><h2>Gagner du temps<\/h2><\/li><\/ul><p>Diagnostic et proposition d&#8217;axes d&#8217;am\u00e9lioration de votre fonctionnement par des proc\u00e9dures simples et rapides en ad\u00e9quation avec vos besoins,<\/p><ul><li><h2>Ma\u00eetriser sa comptabilit\u00e9 et ses r\u00e9sultats<\/h2><\/li><\/ul><p>D\u00e9claration de TVA (r\u00e9gime r\u00e9el ou simplifi\u00e9 sur les d\u00e9bits ou sur les encaissements),<br \/>Saisie de la comptabilit\u00e9 (clients, fournisseurs, tr\u00e9sorerie),<br \/>Calcul les co\u00fbts de production r\u00e9els.<\/p><ul><li><h2>Quand \u00e7a se complique<\/h2><\/li><\/ul><p>Montage de dossier avec votre notaire dans le cadre d\u2019une acquisition ou d\u2019une vente,<br \/>Constitution d\u2019un dossier de demande de pr\u00eat,<br \/>Echange avec l\u2019administration publique (Mairie, services des imp\u00f4ts\u2026)<br \/>Echange avec un avocat ou un huissier pour faire valoir ses droits,<br \/>Certification QUALIBAT.<\/p><ul><li><h2>R\u00e9ussir un \u00e9v\u00e8nement<\/h2><\/li><\/ul><p>Organisation d&#8217;un \u00e9v\u00e8nement d&#8217;entreprise (repas, inauguration&#8230;)<br \/>Organisation d\u2019\u00e9v\u00e8nement festif\u00a0: inauguration, lancement commercial ou journ\u00e9e d\u2019entreprise.<\/p><ul><li><h2>Et plus encore\u2026<\/h2><\/li><\/ul><p>Autodidacte et \u00e0 l\u2019esprit toujours ouvert, j\u2019apprends vite et je suis aussi force de proposition. Exprimez tous vos souhaits\u00a0!<\/p>\t\t\t\t\t\t\t\t<\/div>\n\t\t\t\t<\/div>\n\t\t\t\t\t<\/div>\n\t\t\t\t<\/div>\n\t\t\t\t<\/div>\n\t\t","protected":false},"excerpt":{"rendered":"<p>Retrouvez le coeur de votre m\u00e9tier en d\u00e9l\u00e9guant &#8220;les papiers&#8221;Vous n&#8217;arrivez plus \u00e0 g\u00e9rer &#8220;la paperasse&#8221; g\u00e9n\u00e9r\u00e9e votre activit\u00e9 mais son volume reste insuffisant pour envisager une embauche. Faire appel \u00e0 une assistante de gestion de fa\u00e7on ponctuelle ou r\u00e9guli\u00e8re est LA solution et elle pr\u00e9sente de nombreux avantages : C&#8217;est simple, flexible, cela vous [&hellip;]<\/p>\n","protected":false},"author":1,"featured_media":0,"parent":0,"menu_order":0,"comment_status":"closed","ping_status":"closed","template":"","meta":{"footnotes":""},"class_list":["post-157","page","type-page","status-publish","hentry","entry"],"yoast_head":"<!-- This site is optimized with the Yoast SEO plugin v27.5 - https:\/\/yoast.com\/product\/yoast-seo-wordpress\/ -->\n<title>Prestations secr\u00e9tariat gestion pour les PME<\/title>\n<meta name=\"description\" content=\"Assistante de gestion ind\u00e9pendante, je propose mes services pour que vous puissiez faire votre m\u00e9tier pendant que je m&#039;occupe des &quot;papiers&quot;\" \/>\n<meta name=\"robots\" content=\"index, follow, max-snippet:-1, max-image-preview:large, max-video-preview:-1\" \/>\n<link rel=\"canonical\" href=\"https:\/\/adelinegestion.com\/index.php\/prestations_gestion_secretariat_pme\/\" \/>\n<meta property=\"og:locale\" content=\"en_US\" \/>\n<meta property=\"og:type\" content=\"article\" \/>\n<meta property=\"og:title\" content=\"Prestations secr\u00e9tariat gestion pour les PME\" \/>\n<meta property=\"og:description\" content=\"Assistante de gestion ind\u00e9pendante, je propose mes services pour que vous puissiez faire votre m\u00e9tier pendant que je m&#039;occupe des &quot;papiers&quot;\" \/>\n<meta property=\"og:url\" content=\"https:\/\/adelinegestion.com\/index.php\/prestations_gestion_secretariat_pme\/\" \/>\n<meta property=\"article:modified_time\" content=\"2025-02-27T12:34:54+00:00\" \/>\n<meta property=\"og:image\" content=\"https:\/\/adelinegestion.com\/wp-content\/uploads\/2024\/01\/Gold-Luxury-Initial-Circle-Logo-1.png\" \/>\n\t<meta property=\"og:image:width\" content=\"1563\" \/>\n\t<meta property=\"og:image:height\" content=\"1563\" \/>\n\t<meta property=\"og:image:type\" content=\"image\/png\" \/>\n<meta name=\"twitter:card\" content=\"summary_large_image\" \/>\n<meta name=\"twitter:label1\" content=\"Est. reading time\" \/>\n\t<meta name=\"twitter:data1\" content=\"2 minutes\" \/>\n<script type=\"application\/ld+json\" class=\"yoast-schema-graph\">{\"@context\":\"https:\\\/\\\/schema.org\",\"@graph\":[{\"@type\":\"WebPage\",\"@id\":\"https:\\\/\\\/adelinegestion.com\\\/index.php\\\/prestations_gestion_secretariat_pme\\\/\",\"url\":\"https:\\\/\\\/adelinegestion.com\\\/index.php\\\/prestations_gestion_secretariat_pme\\\/\",\"name\":\"Prestations secr\u00e9tariat gestion pour les PME\",\"isPartOf\":{\"@id\":\"https:\\\/\\\/adelinegestion.com\\\/#website\"},\"primaryImageOfPage\":{\"@id\":\"https:\\\/\\\/adelinegestion.com\\\/index.php\\\/prestations_gestion_secretariat_pme\\\/#primaryimage\"},\"image\":{\"@id\":\"https:\\\/\\\/adelinegestion.com\\\/index.php\\\/prestations_gestion_secretariat_pme\\\/#primaryimage\"},\"thumbnailUrl\":\"https:\\\/\\\/adelinegestion.com\\\/wp-content\\\/uploads\\\/2024\\\/01\\\/Gold-Luxury-Initial-Circle-Logo-1-1024x1024.png\",\"datePublished\":\"2024-01-16T15:51:02+00:00\",\"dateModified\":\"2025-02-27T12:34:54+00:00\",\"description\":\"Assistante de gestion ind\u00e9pendante, je propose mes services pour que vous puissiez faire votre m\u00e9tier pendant que je m'occupe des \\\"papiers\\\"\",\"breadcrumb\":{\"@id\":\"https:\\\/\\\/adelinegestion.com\\\/index.php\\\/prestations_gestion_secretariat_pme\\\/#breadcrumb\"},\"inLanguage\":\"en-US\",\"potentialAction\":[{\"@type\":\"ReadAction\",\"target\":[\"https:\\\/\\\/adelinegestion.com\\\/index.php\\\/prestations_gestion_secretariat_pme\\\/\"]}]},{\"@type\":\"ImageObject\",\"inLanguage\":\"en-US\",\"@id\":\"https:\\\/\\\/adelinegestion.com\\\/index.php\\\/prestations_gestion_secretariat_pme\\\/#primaryimage\",\"url\":\"https:\\\/\\\/adelinegestion.com\\\/wp-content\\\/uploads\\\/2024\\\/01\\\/Gold-Luxury-Initial-Circle-Logo-1.png\",\"contentUrl\":\"https:\\\/\\\/adelinegestion.com\\\/wp-content\\\/uploads\\\/2024\\\/01\\\/Gold-Luxury-Initial-Circle-Logo-1.png\",\"width\":1563,\"height\":1563,\"caption\":\"logo-site-adeline-gestion-avec-serif\"},{\"@type\":\"BreadcrumbList\",\"@id\":\"https:\\\/\\\/adelinegestion.com\\\/index.php\\\/prestations_gestion_secretariat_pme\\\/#breadcrumb\",\"itemListElement\":[{\"@type\":\"ListItem\",\"position\":1,\"name\":\"Accueil\",\"item\":\"https:\\\/\\\/adelinegestion.com\\\/\"},{\"@type\":\"ListItem\",\"position\":2,\"name\":\"Prestations Pour les PME\"}]},{\"@type\":\"WebSite\",\"@id\":\"https:\\\/\\\/adelinegestion.com\\\/#website\",\"url\":\"https:\\\/\\\/adelinegestion.com\\\/\",\"name\":\"\",\"description\":\"\",\"potentialAction\":[{\"@type\":\"SearchAction\",\"target\":{\"@type\":\"EntryPoint\",\"urlTemplate\":\"https:\\\/\\\/adelinegestion.com\\\/?s={search_term_string}\"},\"query-input\":{\"@type\":\"PropertyValueSpecification\",\"valueRequired\":true,\"valueName\":\"search_term_string\"}}],\"inLanguage\":\"en-US\"}]}<\/script>\n<!-- \/ Yoast SEO plugin. -->","yoast_head_json":{"title":"Prestations secr\u00e9tariat gestion pour les PME","description":"Assistante de gestion ind\u00e9pendante, je propose mes services pour que vous puissiez faire votre m\u00e9tier pendant que je m'occupe des \"papiers\"","robots":{"index":"index","follow":"follow","max-snippet":"max-snippet:-1","max-image-preview":"max-image-preview:large","max-video-preview":"max-video-preview:-1"},"canonical":"https:\/\/adelinegestion.com\/index.php\/prestations_gestion_secretariat_pme\/","og_locale":"en_US","og_type":"article","og_title":"Prestations secr\u00e9tariat gestion pour les PME","og_description":"Assistante de gestion ind\u00e9pendante, je propose mes services pour que vous puissiez faire votre m\u00e9tier pendant que je m'occupe des \"papiers\"","og_url":"https:\/\/adelinegestion.com\/index.php\/prestations_gestion_secretariat_pme\/","article_modified_time":"2025-02-27T12:34:54+00:00","og_image":[{"width":1563,"height":1563,"url":"https:\/\/adelinegestion.com\/wp-content\/uploads\/2024\/01\/Gold-Luxury-Initial-Circle-Logo-1.png","type":"image\/png"}],"twitter_card":"summary_large_image","twitter_misc":{"Est. reading time":"2 minutes"},"schema":{"@context":"https:\/\/schema.org","@graph":[{"@type":"WebPage","@id":"https:\/\/adelinegestion.com\/index.php\/prestations_gestion_secretariat_pme\/","url":"https:\/\/adelinegestion.com\/index.php\/prestations_gestion_secretariat_pme\/","name":"Prestations secr\u00e9tariat gestion pour les PME","isPartOf":{"@id":"https:\/\/adelinegestion.com\/#website"},"primaryImageOfPage":{"@id":"https:\/\/adelinegestion.com\/index.php\/prestations_gestion_secretariat_pme\/#primaryimage"},"image":{"@id":"https:\/\/adelinegestion.com\/index.php\/prestations_gestion_secretariat_pme\/#primaryimage"},"thumbnailUrl":"https:\/\/adelinegestion.com\/wp-content\/uploads\/2024\/01\/Gold-Luxury-Initial-Circle-Logo-1-1024x1024.png","datePublished":"2024-01-16T15:51:02+00:00","dateModified":"2025-02-27T12:34:54+00:00","description":"Assistante de gestion ind\u00e9pendante, je propose mes services pour que vous puissiez faire votre m\u00e9tier pendant que je m'occupe des \"papiers\"","breadcrumb":{"@id":"https:\/\/adelinegestion.com\/index.php\/prestations_gestion_secretariat_pme\/#breadcrumb"},"inLanguage":"en-US","potentialAction":[{"@type":"ReadAction","target":["https:\/\/adelinegestion.com\/index.php\/prestations_gestion_secretariat_pme\/"]}]},{"@type":"ImageObject","inLanguage":"en-US","@id":"https:\/\/adelinegestion.com\/index.php\/prestations_gestion_secretariat_pme\/#primaryimage","url":"https:\/\/adelinegestion.com\/wp-content\/uploads\/2024\/01\/Gold-Luxury-Initial-Circle-Logo-1.png","contentUrl":"https:\/\/adelinegestion.com\/wp-content\/uploads\/2024\/01\/Gold-Luxury-Initial-Circle-Logo-1.png","width":1563,"height":1563,"caption":"logo-site-adeline-gestion-avec-serif"},{"@type":"BreadcrumbList","@id":"https:\/\/adelinegestion.com\/index.php\/prestations_gestion_secretariat_pme\/#breadcrumb","itemListElement":[{"@type":"ListItem","position":1,"name":"Accueil","item":"https:\/\/adelinegestion.com\/"},{"@type":"ListItem","position":2,"name":"Prestations Pour les PME"}]},{"@type":"WebSite","@id":"https:\/\/adelinegestion.com\/#website","url":"https:\/\/adelinegestion.com\/","name":"","description":"","potentialAction":[{"@type":"SearchAction","target":{"@type":"EntryPoint","urlTemplate":"https:\/\/adelinegestion.com\/?s={search_term_string}"},"query-input":{"@type":"PropertyValueSpecification","valueRequired":true,"valueName":"search_term_string"}}],"inLanguage":"en-US"}]}},"_links":{"self":[{"href":"https:\/\/adelinegestion.com\/index.php\/wp-json\/wp\/v2\/pages\/157","targetHints":{"allow":["GET"]}}],"collection":[{"href":"https:\/\/adelinegestion.com\/index.php\/wp-json\/wp\/v2\/pages"}],"about":[{"href":"https:\/\/adelinegestion.com\/index.php\/wp-json\/wp\/v2\/types\/page"}],"author":[{"embeddable":true,"href":"https:\/\/adelinegestion.com\/index.php\/wp-json\/wp\/v2\/users\/1"}],"replies":[{"embeddable":true,"href":"https:\/\/adelinegestion.com\/index.php\/wp-json\/wp\/v2\/comments?post=157"}],"version-history":[{"count":37,"href":"https:\/\/adelinegestion.com\/index.php\/wp-json\/wp\/v2\/pages\/157\/revisions"}],"predecessor-version":[{"id":843,"href":"https:\/\/adelinegestion.com\/index.php\/wp-json\/wp\/v2\/pages\/157\/revisions\/843"}],"wp:attachment":[{"href":"https:\/\/adelinegestion.com\/index.php\/wp-json\/wp\/v2\/media?parent=157"}],"curies":[{"name":"wp","href":"https:\/\/api.w.org\/{rel}","templated":true}]}}